{"id":2,"date":"2020-05-22T13:12:25","date_gmt":"2020-05-22T11:12:25","guid":{"rendered":"https:\/\/semir.eu\/portfolio\/?page_id=2"},"modified":"2023-12-20T17:55:22","modified_gmt":"2023-12-20T16:55:22","slug":"primjer-stranice","status":"publish","type":"page","link":"https:\/\/semir.eu\/portfolio\/de\/","title":{"rendered":"DTP \/ WEB \/ 3D"},"content":{"rendered":"\n<p>Hallo, dies ist die Seite, auf der ich mich durch meine Arbeiten pr\u00e4sentieren m\u00f6chte. Ich habe den gr\u00f6\u00dften Teil meines Wissens durch eigenst\u00e4ndiges Forschen, Lesen und Ausprobieren neuer Technologien gewonnen.<\/p>\n\n\n\n<h2 class=\"wp-block-heading\">DTP<\/h2>\n\n\n\n<p>Als Grafikeditor habe ich an vielen Ausgaben von Enzyklop\u00e4dien gearbeitet. Meine Hauptwerkzeuge waren das Adobe-Softwarepaket (InDesign, Photoshop und Illustrator), das Affiniti-Paket (Foto, Designer, Publisher) und Corels CorelDraw! F\u00fcr die Textverarbeitung Microsoft Office (Word, Excel). Textverarbeitung erfordert manchmal komplexere Prozeduren, die mit Makros beschleunigt werden k\u00f6nnen, die ich nach Bedarf in ein VB-Skript geschrieben habe.<\/p>\n\n\n\n<p>Hier m\u00f6chte ich einige Ausgaben herausgreifen, die bedeutender und anspruchsvoller sind.<\/p>\n\n\n\n<section class=\"wp-block-uagb-columns uagb-columns__wrap uagb-columns__stack-mobile uagb-columns__valign- uagb-columns__gap-10 align uagb-block-33acd355 uagb-columns__columns-4 uagb-columns__max_width-theme\"><div class=\"uagb-columns__overlay\"><\/div><div class=\"uagb-columns__inner-wrap uagb-columns__columns-4\">\n<div class=\"wp-block-uagb-column uagb-column__wrap uagb-column__background-undefined uagb-block-d0ff11a2\"><div class=\"uagb-column__overlay\"><\/div><div class=\"wp-block-image\">\n<figure class=\"aligncenter size-large\"><a href=\"https:\/\/semir.eu\/portfolio\/de\/dtp-hol\/\"><img loading=\"lazy\" decoding=\"async\" width=\"125\" height=\"170\" src=\"https:\/\/i0.wp.com\/semir.eu\/portfolio\/wp-content\/uploads\/2021\/03\/hrvatski-opci-leksikon-mala.jpg?resize=125%2C170&#038;ssl=1\" alt=\"\" class=\"wp-image-366\" data-recalc-dims=\"1\"\/><\/a><figcaption class=\"wp-element-caption\">Kroatisches allgemeines Lexicon<\/figcaption><\/figure><\/div><\/div>\n\n\n\n<div class=\"wp-block-uagb-column uagb-column__wrap uagb-column__background-undefined uagb-block-5fdedbe8\"><div class=\"uagb-column__overlay\"><\/div><div class=\"wp-block-image\">\n<figure class=\"aligncenter size-large\"><a href=\"https:\/\/semir.eu\/portfolio\/de\/likovni-leksikon\/\"><img loading=\"lazy\" decoding=\"async\" width=\"125\" height=\"170\" src=\"https:\/\/i0.wp.com\/semir.eu\/portfolio\/wp-content\/uploads\/2021\/03\/ll_korice.jpg?resize=125%2C170&#038;ssl=1\" alt=\"\" class=\"wp-image-363\" data-recalc-dims=\"1\"\/><\/a><figcaption class=\"wp-element-caption\">Kunstlexicon<\/figcaption><\/figure><\/div><\/div>\n\n\n\n<div class=\"wp-block-uagb-column uagb-column__wrap uagb-column__background-undefined uagb-block-1907ce67\"><div class=\"uagb-column__overlay\"><\/div><div class=\"wp-block-image\">\n<figure class=\"aligncenter size-large\"><a href=\"https:\/\/semir.eu\/portfolio\/de\/hrvatska-zemlja-i-ljudi\/\"><img loading=\"lazy\" decoding=\"async\" width=\"125\" height=\"170\" src=\"https:\/\/i0.wp.com\/semir.eu\/portfolio\/wp-content\/uploads\/2021\/03\/Hrvatska_zemlja_i_ljudi.jpg?resize=125%2C170&#038;ssl=1\" alt=\"\" class=\"wp-image-365\" data-recalc-dims=\"1\"\/><\/a><figcaption class=\"wp-element-caption\">Kroatien Land und Leute<\/figcaption><\/figure><\/div><\/div>\n\n\n\n<div class=\"wp-block-uagb-column uagb-column__wrap uagb-column__background-undefined uagb-block-629df2dc\"><div class=\"uagb-column__overlay\"><\/div><div class=\"wp-block-image\">\n<figure class=\"aligncenter size-large\"><a href=\"https:\/\/semir.eu\/portfolio\/de\/islamski-enciklopedijski-almanah\/\"><img loading=\"lazy\" decoding=\"async\" width=\"125\" height=\"170\" src=\"https:\/\/i0.wp.com\/semir.eu\/portfolio\/wp-content\/uploads\/2021\/03\/enciklopedijski_Almanah_1.jpg?resize=125%2C170&#038;ssl=1\" alt=\"\" class=\"wp-image-364\" data-recalc-dims=\"1\"\/><\/a><figcaption class=\"wp-element-caption\">Islamische enzyklop\u00e4dische Almanac<\/figcaption><\/figure><\/div><\/div>\n<\/div><\/section>\n\n\n\n<h3 class=\"wp-block-heading\">Typografie<\/h3>\n\n\n\n<p>Die Aufgabe eines Grafikredakteurs ist es, die Typografie zu kennen. Ich habe Computerschriftarten studiert, wie sie funktionieren und welche M\u00f6glichkeiten sie haben. Ich habe mehrere Schriftarten f\u00fcr DTP-Zwecke erstellt, von Standardschriftarten bis hin zu Symbolschriftarten. Ich m\u00f6chte insbesondere zwei Schriftarten vorstellen: die Piktogramme der Editionen des Lexikographischen Instituts Miroslav Krle\u017ea und meine handschriftliche Schriftart, die Sie <a href=\"https:\/\/www.fontspace.com\/semir-resimovic-rukopisni-font-f22225\">hier<\/a> herunterladen k\u00f6nnen.<\/p>\n\n\n\n<div class=\"wp-block-columns is-layout-flex wp-container-core-columns-layout-1 wp-block-columns-is-layout-flex\">\n<div class=\"wp-block-column is-layout-flow wp-block-column-is-layout-flow\"><div class=\"wp-block-image\">\n<figure class=\"aligncenter size-large\"><a href=\"https:\/\/semir.eu\/portfolio\/de\/piktogrami-lzmk\/\"><img loading=\"lazy\" decoding=\"async\" width=\"170\" height=\"169\" src=\"https:\/\/i0.wp.com\/semir.eu\/portfolio\/wp-content\/uploads\/2021\/04\/piktogram.jpg?resize=170%2C169&#038;ssl=1\" alt=\"\" class=\"wp-image-668\" srcset=\"https:\/\/i0.wp.com\/semir.eu\/portfolio\/wp-content\/uploads\/2021\/04\/piktogram.jpg?w=170&amp;ssl=1 170w, https:\/\/i0.wp.com\/semir.eu\/portfolio\/wp-content\/uploads\/2021\/04\/piktogram.jpg?resize=150%2C150&amp;ssl=1 150w\" sizes=\"(max-width: 170px) 100vw, 170px\" data-recalc-dims=\"1\" \/><\/a><figcaption class=\"wp-element-caption\">Piktogramm<\/figcaption><\/figure><\/div><\/div>\n\n\n\n<div class=\"wp-block-column is-layout-flow wp-block-column-is-layout-flow\"><div class=\"wp-block-image\">\n<figure class=\"aligncenter size-large\"><a href=\"https:\/\/semir.eu\/portfolio\/de\/rukopisni-font\/\"><img loading=\"lazy\" decoding=\"async\" width=\"170\" height=\"170\" src=\"https:\/\/i0.wp.com\/semir.eu\/portfolio\/wp-content\/uploads\/2021\/04\/Semir_Font_naslovna.jpg?resize=170%2C170&#038;ssl=1\" alt=\"\" class=\"wp-image-677\" srcset=\"https:\/\/i0.wp.com\/semir.eu\/portfolio\/wp-content\/uploads\/2021\/04\/Semir_Font_naslovna.jpg?w=170&amp;ssl=1 170w, https:\/\/i0.wp.com\/semir.eu\/portfolio\/wp-content\/uploads\/2021\/04\/Semir_Font_naslovna.jpg?resize=150%2C150&amp;ssl=1 150w\" sizes=\"(max-width: 170px) 100vw, 170px\" data-recalc-dims=\"1\" \/><\/a><figcaption class=\"wp-element-caption\">Handschriftliche font<\/figcaption><\/figure><\/div><\/div>\n<\/div>\n\n\n\n<h2 class=\"wp-block-heading\">WEB<\/h2>\n\n\n\n<p>In den letzten sieben Jahren habe ich sich intensiver mit WEB-Design und -Entwicklung befasst. F\u00fcr einige Projekte habe ich Themes f\u00fcr die WordPress-Plattform und f\u00fcr einige Add-Ons (Plugins) entwickelt. Die Entwicklung des Themas umfasst das Design der Benutzeroberfl\u00e4che (UI und UX Design), die Front-End-Entwicklung (HTML, CSS, JQuery, PHP) und teilweise das Backend (SQL, PHP).<\/p>\n\n\n\n<div class=\"wp-block-columns is-layout-flex wp-container-core-columns-layout-2 wp-block-columns-is-layout-flex\">\n<div class=\"wp-block-column is-layout-flow wp-block-column-is-layout-flow\"><div class=\"wp-block-image\">\n<figure class=\"aligncenter size-large is-resized\"><a href=\"https:\/\/semir.eu\/portfolio\/de\/tehnicka-enciklopedija\/\"><img loading=\"lazy\" decoding=\"async\" src=\"https:\/\/i0.wp.com\/semir.eu\/portfolio\/wp-content\/uploads\/2021\/03\/TE_4.png?resize=182%2C369&#038;ssl=1\" alt=\"\" class=\"wp-image-384\" width=\"182\" height=\"369\" srcset=\"https:\/\/i0.wp.com\/semir.eu\/portfolio\/wp-content\/uploads\/2021\/03\/TE_4.png?resize=505%2C1024&amp;ssl=1 505w, https:\/\/i0.wp.com\/semir.eu\/portfolio\/wp-content\/uploads\/2021\/03\/TE_4.png?resize=148%2C300&amp;ssl=1 148w, https:\/\/i0.wp.com\/semir.eu\/portfolio\/wp-content\/uploads\/2021\/03\/TE_4.png?resize=768%2C1556&amp;ssl=1 768w, https:\/\/i0.wp.com\/semir.eu\/portfolio\/wp-content\/uploads\/2021\/03\/TE_4.png?resize=758%2C1536&amp;ssl=1 758w, https:\/\/i0.wp.com\/semir.eu\/portfolio\/wp-content\/uploads\/2021\/03\/TE_4.png?w=870&amp;ssl=1 870w\" sizes=\"(max-width: 182px) 100vw, 182px\" data-recalc-dims=\"1\" \/><\/a><figcaption class=\"wp-element-caption\">Technische Enzyklop\u00e4die Hi-Fi<\/figcaption><\/figure><\/div><\/div>\n\n\n\n<div class=\"wp-block-column is-layout-flow wp-block-column-is-layout-flow\"><div class=\"wp-block-image\">\n<figure class=\"aligncenter size-large is-resized\"><a href=\"https:\/\/semir.eu\/portfolio\/de\/projekt-mobilna-aplikacija\/\"><img loading=\"lazy\" decoding=\"async\" src=\"https:\/\/i0.wp.com\/semir.eu\/portfolio\/wp-content\/uploads\/2021\/04\/TT_0.png?resize=179%2C369&#038;ssl=1\" alt=\"\" class=\"wp-image-475\" width=\"179\" height=\"369\" data-recalc-dims=\"1\" \/><\/a><figcaption class=\"wp-element-caption\">Design mobiler Anwendungen<\/figcaption><\/figure><\/div><\/div>\n<\/div>\n\n\n\n<h2 class=\"wp-block-heading\">3D<\/h2>\n\n\n\n<p>3D-Modellierung und Animation sind eines meiner Hobbys. Ich verwende verschiedene Programme, meist Autodesks 3D Studio MAX App.<\/p>\n\n\n\n<div class=\"wp-block-columns is-layout-flex wp-container-core-columns-layout-3 wp-block-columns-is-layout-flex\">\n<div class=\"wp-block-column is-layout-flow wp-block-column-is-layout-flow\"><div class=\"wp-block-image is-style-default\">\n<figure class=\"aligncenter size-full is-resized\"><a href=\"https:\/\/semir.eu\/portfolio\/de\/leksikon-rudera-boskovica\/\"><img loading=\"lazy\" decoding=\"async\" src=\"https:\/\/i0.wp.com\/semir.eu\/portfolio\/wp-content\/uploads\/2021\/04\/LRB.jpg?resize=170%2C170&#038;ssl=1\" alt=\"\" class=\"wp-image-600\" width=\"170\" height=\"170\" srcset=\"https:\/\/i0.wp.com\/semir.eu\/portfolio\/wp-content\/uploads\/2021\/04\/LRB.jpg?w=170&amp;ssl=1 170w, https:\/\/i0.wp.com\/semir.eu\/portfolio\/wp-content\/uploads\/2021\/04\/LRB.jpg?resize=150%2C150&amp;ssl=1 150w\" sizes=\"(max-width: 170px) 100vw, 170px\" data-recalc-dims=\"1\" \/><\/a><figcaption class=\"wp-element-caption\">Das Lexikon &#8222;Ru\u0111er Bo\u0161kovi\u0107&#8220;<\/figcaption><\/figure><\/div><\/div>\n\n\n\n<div class=\"wp-block-column is-layout-flow wp-block-column-is-layout-flow\"><div class=\"wp-block-image\">\n<figure class=\"aligncenter size-full is-resized\"><a href=\"https:\/\/semir.eu\/portfolio\/de\/logotipi-izdanja-lzmk\/\"><img loading=\"lazy\" decoding=\"async\" src=\"https:\/\/i0.wp.com\/semir.eu\/portfolio\/wp-content\/uploads\/2021\/04\/ZNAKOVI.jpg?resize=170%2C170&#038;ssl=1\" alt=\"\" class=\"wp-image-602\" width=\"170\" height=\"170\" srcset=\"https:\/\/i0.wp.com\/semir.eu\/portfolio\/wp-content\/uploads\/2021\/04\/ZNAKOVI.jpg?w=170&amp;ssl=1 170w, https:\/\/i0.wp.com\/semir.eu\/portfolio\/wp-content\/uploads\/2021\/04\/ZNAKOVI.jpg?resize=150%2C150&amp;ssl=1 150w\" sizes=\"(max-width: 170px) 100vw, 170px\" data-recalc-dims=\"1\" \/><\/a><figcaption class=\"wp-element-caption\">Editions Logos<\/figcaption><\/figure><\/div><\/div>\n\n\n\n<div class=\"wp-block-column is-layout-flow wp-block-column-is-layout-flow\"><div class=\"wp-block-image\">\n<figure class=\"aligncenter size-full is-resized\"><a href=\"https:\/\/semir.eu\/portfolio\/de\/ostali-radovi\/\"><img loading=\"lazy\" decoding=\"async\" src=\"https:\/\/i0.wp.com\/semir.eu\/portfolio\/wp-content\/uploads\/2021\/04\/radioactivity.jpg?resize=170%2C170&#038;ssl=1\" alt=\"\" class=\"wp-image-601\" width=\"170\" height=\"170\" srcset=\"https:\/\/i0.wp.com\/semir.eu\/portfolio\/wp-content\/uploads\/2021\/04\/radioactivity.jpg?w=170&amp;ssl=1 170w, https:\/\/i0.wp.com\/semir.eu\/portfolio\/wp-content\/uploads\/2021\/04\/radioactivity.jpg?resize=150%2C150&amp;ssl=1 150w\" sizes=\"(max-width: 170px) 100vw, 170px\" data-recalc-dims=\"1\" \/><\/a><figcaption class=\"wp-element-caption\">Sonstige Werke<\/figcaption><\/figure><\/div><\/div>\n<\/div>\n\n\n\n<p><\/p>\n","protected":false},"excerpt":{"rendered":"<p>Hallo, dies ist die Seite, auf der ich mich durch meine Arbeiten pr\u00e4sentieren m\u00f6chte. Ich habe den gr\u00f6\u00dften Teil meines Wissens durch eigenst\u00e4ndiges Forschen, Lesen und Ausprobieren neuer Technologien gewonnen. DTP Als Grafikeditor habe ich an vielen Ausgaben von Enzyklop\u00e4dien gearbeitet. Meine Hauptwerkzeuge waren das Adobe-Softwarepaket (InDesign, Photoshop und Illustrator), das Affiniti-Paket (Foto, Designer, Publisher) [&hellip;]<\/p>\n","protected":false},"author":2,"featured_media":0,"parent":0,"menu_order":0,"comment_status":"closed","ping_status":"open","template":"","meta":{"_uag_custom_page_level_css":"","footnotes":""},"jetpack_sharing_enabled":true,"uagb_featured_image_src":{"full":false,"thumbnail":false,"medium":false,"medium_large":false,"large":false,"ctl_avatar":false,"1536x1536":false,"2048x2048":false},"uagb_author_info":{"display_name":"Semir Resimovi\u0107","author_link":"https:\/\/semir.eu\/portfolio\/de\/author\/semnes\/"},"uagb_comment_info":0,"uagb_excerpt":"Hallo, dies ist die Seite, auf der ich mich durch meine Arbeiten pr\u00e4sentieren m\u00f6chte. Ich habe den gr\u00f6\u00dften Teil meines Wissens durch eigenst\u00e4ndiges Forschen, Lesen und Ausprobieren neuer Technologien gewonnen. DTP Als Grafikeditor habe ich an vielen Ausgaben von Enzyklop\u00e4dien gearbeitet. Meine Hauptwerkzeuge waren das Adobe-Softwarepaket (InDesign, Photoshop und Illustrator), das Affiniti-Paket (Foto, Designer, Publisher)&hellip;","_links":{"self":[{"href":"https:\/\/semir.eu\/portfolio\/de\/wp-json\/wp\/v2\/pages\/2"}],"collection":[{"href":"https:\/\/semir.eu\/portfolio\/de\/wp-json\/wp\/v2\/pages"}],"about":[{"href":"https:\/\/semir.eu\/portfolio\/de\/wp-json\/wp\/v2\/types\/page"}],"author":[{"embeddable":true,"href":"https:\/\/semir.eu\/portfolio\/de\/wp-json\/wp\/v2\/users\/2"}],"replies":[{"embeddable":true,"href":"https:\/\/semir.eu\/portfolio\/de\/wp-json\/wp\/v2\/comments?post=2"}],"version-history":[{"count":115,"href":"https:\/\/semir.eu\/portfolio\/de\/wp-json\/wp\/v2\/pages\/2\/revisions"}],"predecessor-version":[{"id":735,"href":"https:\/\/semir.eu\/portfolio\/de\/wp-json\/wp\/v2\/pages\/2\/revisions\/735"}],"wp:attachment":[{"href":"https:\/\/semir.eu\/portfolio\/de\/wp-json\/wp\/v2\/media?parent=2"}],"curies":[{"name":"wp","href":"https:\/\/api.w.org\/{rel}","templated":true}]}}