{"id":260,"date":"2021-03-28T16:04:16","date_gmt":"2021-03-28T14:04:16","guid":{"rendered":"https:\/\/semir.eu\/portfolio\/?page_id=260"},"modified":"2021-03-28T17:10:59","modified_gmt":"2021-03-28T15:10:59","slug":"hrvatska-zemlja-i-ljudi","status":"publish","type":"page","link":"https:\/\/semir.eu\/portfolio\/de\/hrvatska-zemlja-i-ljudi\/","title":{"rendered":"Kroatien Land und Leute"},"content":{"rendered":"\n<p>Kroatien m\u00f6chte pr\u00e4gnante Informationen \u00fcber Geographie, Geschichte, politische Struktur, Bev\u00f6lkerung, Wirtschaft, Kultur und Gesellschaft sowie \u00fcber die jahrhundertealten Beziehungen zwischen Kroatien und anderen europ\u00e4ischen L\u00e4ndern und V\u00f6lkern, mit denen sie in Kontakt kam, pr\u00e4sentieren.<\/p>\n","protected":false},"excerpt":{"rendered":"<p>Kroatien m\u00f6chte pr\u00e4gnante Informationen \u00fcber Geographie, Geschichte, politische Struktur, Bev\u00f6lkerung, Wirtschaft, Kultur und Gesellschaft sowie \u00fcber die jahrhundertealten Beziehungen zwischen Kroatien und anderen europ\u00e4ischen L\u00e4ndern und V\u00f6lkern, mit denen sie in Kontakt kam, pr\u00e4sentieren.<\/p>\n","protected":false},"author":2,"featured_media":0,"parent":0,"menu_order":0,"comment_status":"closed","ping_status":"closed","template":"DTP-HZLJ.php","meta":{"_uag_custom_page_level_css":"","footnotes":""},"jetpack_sharing_enabled":true,"uagb_featured_image_src":{"full":false,"thumbnail":false,"medium":false,"medium_large":false,"large":false,"ctl_avatar":false,"1536x1536":false,"2048x2048":false},"uagb_author_info":{"display_name":"Semir Resimovi\u0107","author_link":"https:\/\/semir.eu\/portfolio\/de\/author\/semnes\/"},"uagb_comment_info":0,"uagb_excerpt":"Kroatien m\u00f6chte pr\u00e4gnante Informationen \u00fcber Geographie, Geschichte, politische Struktur, Bev\u00f6lkerung, Wirtschaft, Kultur und Gesellschaft sowie \u00fcber die jahrhundertealten Beziehungen zwischen Kroatien und anderen europ\u00e4ischen L\u00e4ndern und V\u00f6lkern, mit denen sie in Kontakt kam, pr\u00e4sentieren.","_links":{"self":[{"href":"https:\/\/semir.eu\/portfolio\/de\/wp-json\/wp\/v2\/pages\/260"}],"collection":[{"href":"https:\/\/semir.eu\/portfolio\/de\/wp-json\/wp\/v2\/pages"}],"about":[{"href":"https:\/\/semir.eu\/portfolio\/de\/wp-json\/wp\/v2\/types\/page"}],"author":[{"embeddable":true,"href":"https:\/\/semir.eu\/portfolio\/de\/wp-json\/wp\/v2\/users\/2"}],"replies":[{"embeddable":true,"href":"https:\/\/semir.eu\/portfolio\/de\/wp-json\/wp\/v2\/comments?post=260"}],"version-history":[{"count":6,"href":"https:\/\/semir.eu\/portfolio\/de\/wp-json\/wp\/v2\/pages\/260\/revisions"}],"predecessor-version":[{"id":279,"href":"https:\/\/semir.eu\/portfolio\/de\/wp-json\/wp\/v2\/pages\/260\/revisions\/279"}],"wp:attachment":[{"href":"https:\/\/semir.eu\/portfolio\/de\/wp-json\/wp\/v2\/media?parent=260"}],"curies":[{"name":"wp","href":"https:\/\/api.w.org\/{rel}","templated":true}]}}