{"id":316,"date":"2021-03-28T18:28:23","date_gmt":"2021-03-28T16:28:23","guid":{"rendered":"https:\/\/semir.eu\/portfolio\/?page_id=316"},"modified":"2021-03-28T18:33:27","modified_gmt":"2021-03-28T16:33:27","slug":"islamski-enciklopedijski-almanah","status":"publish","type":"page","link":"https:\/\/semir.eu\/portfolio\/de\/islamski-enciklopedijski-almanah\/","title":{"rendered":"Islamische enzyklop\u00e4dische Almanach"},"content":{"rendered":"\n<p>Anl\u00e4sslich des hundertj\u00e4hrigen Islam in der Republik Kroatien wurde der islamische enzyklop\u00e4dische Almanach ver\u00f6ffentlicht, der an einer Stelle alle Personen und Konzepte vereint, die f\u00fcr die Geschichte und Moderne des Islam in der Republik Kroatien wichtig sind.<\/p>\n","protected":false},"excerpt":{"rendered":"<p>Anl\u00e4sslich des hundertj\u00e4hrigen Islam in der Republik Kroatien wurde der islamische enzyklop\u00e4dische Almanach ver\u00f6ffentlicht, der an einer Stelle alle Personen und Konzepte vereint, die f\u00fcr die Geschichte und Moderne des Islam in der Republik Kroatien wichtig sind.<\/p>\n","protected":false},"author":2,"featured_media":0,"parent":0,"menu_order":0,"comment_status":"closed","ping_status":"closed","template":"DTP-IEA.php","meta":{"_uag_custom_page_level_css":"","footnotes":""},"jetpack_sharing_enabled":true,"uagb_featured_image_src":{"full":false,"thumbnail":false,"medium":false,"medium_large":false,"large":false,"ctl_avatar":false,"1536x1536":false,"2048x2048":false},"uagb_author_info":{"display_name":"Semir Resimovi\u0107","author_link":"https:\/\/semir.eu\/portfolio\/de\/author\/semnes\/"},"uagb_comment_info":0,"uagb_excerpt":"Anl\u00e4sslich des hundertj\u00e4hrigen Islam in der Republik Kroatien wurde der islamische enzyklop\u00e4dische Almanach ver\u00f6ffentlicht, der an einer Stelle alle Personen und Konzepte vereint, die f\u00fcr die Geschichte und Moderne des Islam in der Republik Kroatien wichtig sind.","_links":{"self":[{"href":"https:\/\/semir.eu\/portfolio\/de\/wp-json\/wp\/v2\/pages\/316"}],"collection":[{"href":"https:\/\/semir.eu\/portfolio\/de\/wp-json\/wp\/v2\/pages"}],"about":[{"href":"https:\/\/semir.eu\/portfolio\/de\/wp-json\/wp\/v2\/types\/page"}],"author":[{"embeddable":true,"href":"https:\/\/semir.eu\/portfolio\/de\/wp-json\/wp\/v2\/users\/2"}],"replies":[{"embeddable":true,"href":"https:\/\/semir.eu\/portfolio\/de\/wp-json\/wp\/v2\/comments?post=316"}],"version-history":[{"count":3,"href":"https:\/\/semir.eu\/portfolio\/de\/wp-json\/wp\/v2\/pages\/316\/revisions"}],"predecessor-version":[{"id":320,"href":"https:\/\/semir.eu\/portfolio\/de\/wp-json\/wp\/v2\/pages\/316\/revisions\/320"}],"wp:attachment":[{"href":"https:\/\/semir.eu\/portfolio\/de\/wp-json\/wp\/v2\/media?parent=316"}],"curies":[{"name":"wp","href":"https:\/\/api.w.org\/{rel}","templated":true}]}}