{"id":46,"date":"2021-03-14T19:43:53","date_gmt":"2021-03-14T18:43:53","guid":{"rendered":"https:\/\/semir.eu\/portfolio\/?page_id=46"},"modified":"2021-04-10T14:22:55","modified_gmt":"2021-04-10T12:22:55","slug":"zivotopis","status":"publish","type":"page","link":"https:\/\/semir.eu\/portfolio\/de\/zivotopis\/","title":{"rendered":"Lebenslauf"},"content":{"rendered":"<!-- ========= Cool Timeline PRO 3.5 ========= --><div style=\"opacity:0;\" \n    data-showposts=\"10\"\n     class=\"cool_timeline cool-timeline-wrapper both-sided-wrapper white-timeline-wrapper main-default\" \n     id=\"tm-default-default-4\"  \n     data-pagination=\"yes\"  \n     data-pagination-position=\"right\"><div class=\"cool-timeline ultimate-style  white-timeline\"><div  class=\"filter-preloaders\"><img decoding=\"async\" src=\"https:\/\/i0.wp.com\/semir.eu\/portfolio\/wp-content\/plugins\/cool-timeline-pro\/\/assets\/images\/clt-compact-preloader.gif?w=640&#038;ssl=1\" data-recalc-dims=\"1\"><\/div><div data-animations=\"fade\"  id=\"timeline-timeline-stories\" class=\"cooltimeline_cont  clearfix icons_no\"><div data-cls=\"sc-nv-default white-timeline\" class=\"timeline-year scrollable-section default-year\"data-section-title=\"1965\" id=\"year-1965\"><span  class=\"ctl-timeline-date\">1965<\/span><\/div><!-- .timeline-post-start--><div   data-alternate=\"0\" id=\"story-38\" class=\"timeline-post even light-grey-post icons_no post-38  default-meta\"><div   data-aos=\"fade\" class=\"timeline-meta\"><div class=\"meta-details\">Juli 14<\/div><\/div><div  data-aos=\"fade\" class=\"timeline-icon icon-dot-full default-dot\"><div class=\"timeline-bar\"><\/div><\/div><div  data-aos=\"fade\"  class=\"timeline-content  clearfix even  full default-content \"><h2 class=\"content-title\"><a title=\"Geburt\" href=\"https:\/\/semir.eu\/portfolio\/de\/timeline\/rodenje\/\">Geburt<\/a><\/h2><div class=\"ctl_info event-description full\"><div class=\"content-details\">Ich wurde in Bijeljina (Bosnien und Herzegowina) geboren.<\/div><\/div><\/div><!-- timeline content --><\/div>\n\n        <!-- .timeline-post-end --><div data-cls=\"sc-nv-default white-timeline\" class=\"timeline-year scrollable-section default-year\"data-section-title=\"1979\" id=\"year-1979\"><span  class=\"ctl-timeline-date\">1979<\/span><\/div><!-- .timeline-post-start--><div   data-alternate=\"1\" id=\"story-66\" class=\"timeline-post odd light-grey-post icons_no post-66 story-cat-2  default-meta\"><div   data-aos=\"fade\" class=\"timeline-meta\"><div class=\"meta-details\">Juni 29<\/div><\/div><div  data-aos=\"fade\" class=\"timeline-icon icon-dot-full default-dot\"><div class=\"timeline-bar\"><\/div><\/div><div  data-aos=\"fade\"  class=\"timeline-content  clearfix odd  full default-content \"><h2 class=\"content-title\"><a title=\"Grundschule\" href=\"https:\/\/semir.eu\/portfolio\/de\/timeline\/osnovna-skola\/\">Grundschule<\/a><\/h2><div class=\"ctl_info event-description full\"><div class=\"content-details\"><p>1971-1979 besuhte ich die Grundschule &#8222;Mirko Filipovi\u0107&#8220; in Bijeljina.<\/p>\n<\/div><\/div><\/div><!-- timeline content --><\/div>\n\n        <!-- .timeline-post-end --><div data-cls=\"sc-nv-default white-timeline\" class=\"timeline-year scrollable-section default-year\"data-section-title=\"1983\" id=\"year-1983\"><span  class=\"ctl-timeline-date\">1983<\/span><\/div><!-- .timeline-post-start--><div   data-alternate=\"2\" id=\"story-94\" class=\"timeline-post even light-grey-post icons_no post-94 story-cat-2  default-meta\"><div   data-aos=\"fade\" class=\"timeline-meta\"><div class=\"meta-details\">Juni 24<\/div><\/div><div  data-aos=\"fade\" class=\"timeline-icon icon-dot-full default-dot\"><div class=\"timeline-bar\"><\/div><\/div><div  data-aos=\"fade\"  class=\"timeline-content  clearfix even  full default-content \"><h2 class=\"content-title\"><a title=\"Gymnasium\" href=\"https:\/\/semir.eu\/portfolio\/de\/timeline\/srednja-skola\/\">Gymnasium<\/a><\/h2><div class=\"ctl_info event-description full\"><div class=\"content-details\"><p>1979-1983 besuchte ich das Gymnasium &#8222;Filip Visnjic&#8220; in Bijeljina.<\/p>\n<\/div><\/div><\/div><!-- timeline content --><\/div>\n\n        <!-- .timeline-post-end --><div data-cls=\"sc-nv-default white-timeline\" class=\"timeline-year scrollable-section default-year\"data-section-title=\"1984\" id=\"year-1984\"><span  class=\"ctl-timeline-date\">1984<\/span><\/div><!-- .timeline-post-start--><div   data-alternate=\"3\" id=\"story-97\" class=\"timeline-post odd light-grey-post icons_no post-97 story-cat-2  default-meta\"><div   data-aos=\"fade\" class=\"timeline-meta\"><div class=\"meta-details\">September 28<\/div><\/div><div  data-aos=\"fade\" class=\"timeline-icon icon-dot-full default-dot\"><div class=\"timeline-bar\"><\/div><\/div><div  data-aos=\"fade\"  class=\"timeline-content  clearfix odd  full default-content \"><h2 class=\"content-title\"><a title=\"Wehrdienst\" href=\"https:\/\/semir.eu\/portfolio\/de\/timeline\/obavezni-vonji-rok\/\">Wehrdienst<\/a><\/h2><div class=\"ctl_info event-description full\"><div class=\"content-details\"><p>In den Jahren 1983-1984 war ich im Wehrdienst<\/p>\n<\/div><\/div><\/div><!-- timeline content --><\/div>\n\n        <!-- .timeline-post-end --><div data-cls=\"sc-nv-default white-timeline\" class=\"timeline-year scrollable-section default-year\"data-section-title=\"1985\" id=\"year-1985\"><span  class=\"ctl-timeline-date\">1985<\/span><\/div><!-- .timeline-post-start--><div   data-alternate=\"4\" id=\"story-99\" class=\"timeline-post even light-grey-post icons_no post-99 story-cat-2  default-meta\"><div   data-aos=\"fade\" class=\"timeline-meta\"><div class=\"meta-details\">Juni 28<\/div><\/div><div  data-aos=\"fade\" class=\"timeline-icon icon-dot-full default-dot\"><div class=\"timeline-bar\"><\/div><\/div><div  data-aos=\"fade\"  class=\"timeline-content  clearfix even  full default-content \"><h2 class=\"content-title\"><a title=\"Studium der Physik\" href=\"https:\/\/semir.eu\/portfolio\/de\/timeline\/studij-fizike\/\">Studium der Physik<\/a><\/h2><div class=\"ctl_info event-description full\"><div class=\"content-details\"><p>1984-1985 studierte ich Physik an der Fakult\u00e4t f\u00fcr Naturwissenschaften und Mathematik in Novi Sad.<\/p>\n<\/div><\/div><\/div><!-- timeline content --><\/div>\n\n        <!-- .timeline-post-end --><div data-cls=\"sc-nv-default white-timeline\" class=\"timeline-year scrollable-section default-year\"data-section-title=\"1988\" id=\"year-1988\"><span  class=\"ctl-timeline-date\">1988<\/span><\/div><!-- .timeline-post-start--><div   data-alternate=\"5\" id=\"story-101\" class=\"timeline-post odd light-grey-post icons_no post-101 story-cat-2  default-meta\"><div   data-aos=\"fade\" class=\"timeline-meta\"><div class=\"meta-details\">September 16<\/div><\/div><div  data-aos=\"fade\" class=\"timeline-icon icon-dot-full default-dot\"><div class=\"timeline-bar\"><\/div><\/div><div  data-aos=\"fade\"  class=\"timeline-content  clearfix odd  full default-content \"><h2 class=\"content-title\"><a title=\"H\u00f6here Grafikschule\" href=\"https:\/\/semir.eu\/portfolio\/de\/timeline\/visa-graficka-skola\/\">H\u00f6here Grafikschule<\/a><\/h2><div class=\"ctl_info event-description full\"><div class=\"content-details\"><p>1985-1988 Ich habe am College of Graphic Arts in Zagreb studiert und den Titel eines Grafiktechnikers erworben.<\/p>\n<\/div><\/div><\/div><!-- timeline content --><\/div>\n\n        <!-- .timeline-post-end --><!-- .timeline-post-start--><div   data-alternate=\"6\" id=\"story-103\" class=\"timeline-post even light-grey-post icons_no post-103 story-cat-2  default-meta\"><div   data-aos=\"fade\" class=\"timeline-meta\"><div class=\"meta-details\">September 16<\/div><\/div><div  data-aos=\"fade\" class=\"timeline-icon icon-dot-full default-dot\"><div class=\"timeline-bar\"><\/div><\/div><div  data-aos=\"fade\"  class=\"timeline-content  clearfix even  full default-content \"><h2 class=\"content-title\"><a title=\"Besch\u00e4ftigung\" href=\"https:\/\/semir.eu\/portfolio\/de\/timeline\/zaposlenje\/\">Besch\u00e4ftigung<\/a><\/h2><div class=\"ctl_info event-description full\"><div class=\"content-details\"><p>Seit 1988 bin ich beim Verlag Leksikografski zavod &#8222;Miroslav Krle\u017ea&#8220; in Zagreb besch\u00e4ftigt. Zun\u00e4chst als Grafikeditor, dann Leiter der Grafikabteilung.<\/p>\n<\/div><\/div><\/div><!-- timeline content --><\/div>\n\n        <!-- .timeline-post-end --><div data-cls=\"sc-nv-default white-timeline\" class=\"timeline-year scrollable-section default-year\"data-section-title=\"2017\" id=\"year-2017\"><span  class=\"ctl-timeline-date\">2017<\/span><\/div><!-- .timeline-post-start--><div   data-alternate=\"7\" id=\"story-105\" class=\"timeline-post odd light-grey-post icons_no post-105 story-cat-2  default-meta\"><div   data-aos=\"fade\" class=\"timeline-meta\"><div class=\"meta-details\">September 15<\/div><\/div><div  data-aos=\"fade\" class=\"timeline-icon icon-dot-full default-dot\"><div class=\"timeline-bar\"><\/div><\/div><div  data-aos=\"fade\"  class=\"timeline-content  clearfix odd  full default-content \"><h2 class=\"content-title\"><a title=\"Abschlussstudium\" href=\"https:\/\/semir.eu\/portfolio\/de\/timeline\/diplomski-studij\/\">Abschlussstudium<\/a><\/h2><div class=\"ctl_info event-description full\"><div class=\"content-details\"><p>In den Jahren 2015-2017 habe ich an der Fakult\u00e4t f\u00fcr Grafik in Zagreb studiert und mit dem Thema &#8222;<a href=\"https:\/\/eprints.grf.unizg.hr\/2767\/1\/DB639_Resimovi%C4%87_Semir.pdf\" rel=\"noopener\" target=\"_blank\">Methode zur Anpassung enzyklop\u00e4discher Inhalte an die Online-Ausgabe<\/a>&#8220; abgeschlossen.<\/p>\n<\/div><\/div><\/div><!-- timeline content --><\/div>\n\n        <!-- .timeline-post-end --><style type=\"text\/css\">\n                    .cool-timeline.white-timeline #story-38 .icon-dot-full,\n                    .cool-timeline.white-timeline #story-38 .timeline-content .content-title, \n                    .cool-timeline.white-timeline.compact .timeline-post.icons_yes#story-38 \n                    .timeline-icon, \n                    .cool-timeline.white-timeline #story-38.timeline-post .timeline-icon\n                    {background:#dd9933;}\n                \n                    .cool-timeline.white-timeline #story-38 .timeline-meta .meta-details,\n                    .cool-timeline.white-timeline #story-38.timeline-content h2.content-title-2 a,\n                    .cool-timeline.white-timeline #story-38.timeline-content h2.content-title-2\n                    {color:#dd9933;}\n                    \n                    .cool-timeline.white-timeline #story-38.even  .timeline-content .content-title:before , .cool-timeline.white-timeline #story-38.even .timeline-content:before\n                    {border-right-color:#dd9933;}\n                    .cool-timeline.white-timeline #story-38.odd  .timeline-content .content-title:before,\n                    .cool-timeline.white-timeline #story-38.odd .timeline-content:before\n                    {border-left-color:#dd9933; }\n\n                   \n                    @media (max-width: 860px) {    \n                        .cool-timeline.white-timeline #story-38.odd .timeline-content .content-title:before, .cool-timeline.white-timeline #story-38.even .timeline-content .content-title:before,\n                        .cool-timeline.white-timeline #story-38.odd .timeline-content:before, .cool-timeline.white-timeline #story-38.even .timeline-content:before\n                         {\n                           border-left-color: transparent;\n                           border-right-color: #dd9933;\n                           }\n                    }  \n                    <\/style><div  class=\"end-timeline clearfix\"><\/div><\/div><\/div><\/div>  <!-- end\n================================================== --><style type=\"text\/css\">\n                    .cool-timeline.white-timeline #story-38 .icon-dot-full,\n                    .cool-timeline.white-timeline #story-38 .timeline-content .content-title, \n                    .cool-timeline.white-timeline.compact .timeline-post.icons_yes#story-38 \n                    .timeline-icon, \n                    .cool-timeline.white-timeline #story-38.timeline-post .timeline-icon\n                    {background:#dd9933;}\n                \n                    .cool-timeline.white-timeline #story-38 .timeline-meta .meta-details,\n                    .cool-timeline.white-timeline #story-38.timeline-content h2.content-title-2 a,\n                    .cool-timeline.white-timeline #story-38.timeline-content h2.content-title-2\n                    {color:#dd9933;}\n                    \n                    .cool-timeline.white-timeline #story-38.even  .timeline-content .content-title:before , .cool-timeline.white-timeline #story-38.even .timeline-content:before\n                    {border-right-color:#dd9933;}\n                    .cool-timeline.white-timeline #story-38.odd  .timeline-content .content-title:before,\n                    .cool-timeline.white-timeline #story-38.odd .timeline-content:before\n                    {border-left-color:#dd9933; }\n\n                   \n                    @media (max-width: 860px) {    \n                        .cool-timeline.white-timeline #story-38.odd .timeline-content .content-title:before, .cool-timeline.white-timeline #story-38.even .timeline-content .content-title:before,\n                        .cool-timeline.white-timeline #story-38.odd .timeline-content:before, .cool-timeline.white-timeline #story-38.even .timeline-content:before\n                         {\n                           border-left-color: transparent;\n                           border-right-color: #dd9933;\n                           }\n                    }  \n                    <\/style>","protected":false},"excerpt":{"rendered":"","protected":false},"author":2,"featured_media":0,"parent":0,"menu_order":0,"comment_status":"closed","ping_status":"closed","template":"","meta":{"_uag_custom_page_level_css":"","footnotes":""},"jetpack_sharing_enabled":true,"uagb_featured_image_src":{"full":false,"thumbnail":false,"medium":false,"medium_large":false,"large":false,"ctl_avatar":false,"1536x1536":false,"2048x2048":false},"uagb_author_info":{"display_name":"Semir Resimovi\u0107","author_link":"https:\/\/semir.eu\/portfolio\/de\/author\/semnes\/"},"uagb_comment_info":0,"uagb_excerpt":null,"_links":{"self":[{"href":"https:\/\/semir.eu\/portfolio\/de\/wp-json\/wp\/v2\/pages\/46"}],"collection":[{"href":"https:\/\/semir.eu\/portfolio\/de\/wp-json\/wp\/v2\/pages"}],"about":[{"href":"https:\/\/semir.eu\/portfolio\/de\/wp-json\/wp\/v2\/types\/page"}],"author":[{"embeddable":true,"href":"https:\/\/semir.eu\/portfolio\/de\/wp-json\/wp\/v2\/users\/2"}],"replies":[{"embeddable":true,"href":"https:\/\/semir.eu\/portfolio\/de\/wp-json\/wp\/v2\/comments?post=46"}],"version-history":[{"count":17,"href":"https:\/\/semir.eu\/portfolio\/de\/wp-json\/wp\/v2\/pages\/46\/revisions"}],"predecessor-version":[{"id":92,"href":"https:\/\/semir.eu\/portfolio\/de\/wp-json\/wp\/v2\/pages\/46\/revisions\/92"}],"wp:attachment":[{"href":"https:\/\/semir.eu\/portfolio\/de\/wp-json\/wp\/v2\/media?parent=46"}],"curies":[{"name":"wp","href":"https:\/\/api.w.org\/{rel}","templated":true}]}}