{"id":556,"date":"2021-04-07T12:58:16","date_gmt":"2021-04-07T10:58:16","guid":{"rendered":"https:\/\/semir.eu\/portfolio\/?page_id=556"},"modified":"2021-04-10T17:32:41","modified_gmt":"2021-04-10T15:32:41","slug":"logotipi-izdanja-lzmk","status":"publish","type":"page","link":"https:\/\/semir.eu\/portfolio\/de\/logotipi-izdanja-lzmk\/","title":{"rendered":"Edition Logos"},"content":{"rendered":"\n<p>Viele Ausgaben des Miroslav Krle\u017ea Lexicographic Institute haben eine Akronym-Logo-Stilisierung f\u00fcr das Logo. Zum Beispiel die Kroatische Enzyklop\u00e4die (HE), das Achtsprachige enzyklop\u00e4dische W\u00f6rterbuch (OER), das Kroatische biografische Lexikon (HBL) usw. Wenn ein Denkmal f\u00fcr Wissenschaft und Kultur errichtet werden sollte, k\u00f6nnte es so aussehen.<\/p>\n\n\n\n<div class=\"wp-block-image\"><figure class=\"aligncenter size-large is-resized\"><img loading=\"lazy\" decoding=\"async\" src=\"https:\/\/i0.wp.com\/semir.eu\/portfolio\/wp-content\/uploads\/2021\/04\/EDICIJE.jpg?resize=628%2C353&#038;ssl=1\" alt=\"\" class=\"wp-image-526\" width=\"628\" height=\"353\" srcset=\"https:\/\/i0.wp.com\/semir.eu\/portfolio\/wp-content\/uploads\/2021\/04\/EDICIJE.jpg?resize=1024%2C576&amp;ssl=1 1024w, https:\/\/i0.wp.com\/semir.eu\/portfolio\/wp-content\/uploads\/2021\/04\/EDICIJE.jpg?resize=300%2C169&amp;ssl=1 300w, https:\/\/i0.wp.com\/semir.eu\/portfolio\/wp-content\/uploads\/2021\/04\/EDICIJE.jpg?resize=768%2C432&amp;ssl=1 768w, https:\/\/i0.wp.com\/semir.eu\/portfolio\/wp-content\/uploads\/2021\/04\/EDICIJE.jpg?resize=1536%2C864&amp;ssl=1 1536w, https:\/\/i0.wp.com\/semir.eu\/portfolio\/wp-content\/uploads\/2021\/04\/EDICIJE.jpg?w=1920&amp;ssl=1 1920w, https:\/\/i0.wp.com\/semir.eu\/portfolio\/wp-content\/uploads\/2021\/04\/EDICIJE.jpg?w=1280&amp;ssl=1 1280w\" sizes=\"(max-width: 628px) 100vw, 628px\" data-recalc-dims=\"1\" \/><\/figure><\/div>\n","protected":false},"excerpt":{"rendered":"<p>Viele Ausgaben des Miroslav Krle\u017ea Lexicographic Institute haben eine Akronym-Logo-Stilisierung f\u00fcr das Logo. Zum Beispiel die Kroatische Enzyklop\u00e4die (HE), das Achtsprachige enzyklop\u00e4dische W\u00f6rterbuch (OER), das Kroatische biografische Lexikon (HBL) usw. Wenn ein Denkmal f\u00fcr Wissenschaft und Kultur errichtet werden sollte, k\u00f6nnte es so aussehen.<\/p>\n","protected":false},"author":2,"featured_media":0,"parent":0,"menu_order":0,"comment_status":"closed","ping_status":"closed","template":"","meta":{"_uag_custom_page_level_css":"","footnotes":""},"jetpack_sharing_enabled":true,"uagb_featured_image_src":{"full":false,"thumbnail":false,"medium":false,"medium_large":false,"large":false,"ctl_avatar":false,"1536x1536":false,"2048x2048":false},"uagb_author_info":{"display_name":"Semir Resimovi\u0107","author_link":"https:\/\/semir.eu\/portfolio\/de\/author\/semnes\/"},"uagb_comment_info":0,"uagb_excerpt":"Viele Ausgaben des Miroslav Krle\u017ea Lexicographic Institute haben eine Akronym-Logo-Stilisierung f\u00fcr das Logo. Zum Beispiel die Kroatische Enzyklop\u00e4die (HE), das Achtsprachige enzyklop\u00e4dische W\u00f6rterbuch (OER), das Kroatische biografische Lexikon (HBL) usw. Wenn ein Denkmal f\u00fcr Wissenschaft und Kultur errichtet werden sollte, k\u00f6nnte es so aussehen.","_links":{"self":[{"href":"https:\/\/semir.eu\/portfolio\/de\/wp-json\/wp\/v2\/pages\/556"}],"collection":[{"href":"https:\/\/semir.eu\/portfolio\/de\/wp-json\/wp\/v2\/pages"}],"about":[{"href":"https:\/\/semir.eu\/portfolio\/de\/wp-json\/wp\/v2\/types\/page"}],"author":[{"embeddable":true,"href":"https:\/\/semir.eu\/portfolio\/de\/wp-json\/wp\/v2\/users\/2"}],"replies":[{"embeddable":true,"href":"https:\/\/semir.eu\/portfolio\/de\/wp-json\/wp\/v2\/comments?post=556"}],"version-history":[{"count":4,"href":"https:\/\/semir.eu\/portfolio\/de\/wp-json\/wp\/v2\/pages\/556\/revisions"}],"predecessor-version":[{"id":581,"href":"https:\/\/semir.eu\/portfolio\/de\/wp-json\/wp\/v2\/pages\/556\/revisions\/581"}],"wp:attachment":[{"href":"https:\/\/semir.eu\/portfolio\/de\/wp-json\/wp\/v2\/media?parent=556"}],"curies":[{"name":"wp","href":"https:\/\/api.w.org\/{rel}","templated":true}]}}