{"id":2,"date":"2020-05-22T13:12:25","date_gmt":"2020-05-22T11:12:25","guid":{"rendered":"https:\/\/semir.eu\/portfolio\/?page_id=2"},"modified":"2023-12-20T17:55:22","modified_gmt":"2023-12-20T16:55:22","slug":"primjer-stranice","status":"publish","type":"page","link":"https:\/\/semir.eu\/portfolio\/en\/","title":{"rendered":"DTP \/ WEB \/ 3D"},"content":{"rendered":"\n<p>Hello, this is the page where I want to present myself through my works. I gained most of my knowledge by independently researching, reading, trying out new technologies.<\/p>\n\n\n\n<h2 class=\"wp-block-heading\">DTP<\/h2>\n\n\n\n<p>As a graphic editor, I have worked on many editions of encyclopedias. My main tools were Adobe software package (InDesign, Photoshop and Illustrator), Affiniti package (Photo, Designer, Publisher), Corel&#8217;s CorelDraw !. For word processing Microsoft Office (Word, Excel). Word processing sometimes requires more complex procedures that can be accelerated with macros that I wrote in a VB script as needed.<\/p>\n\n\n\n<p>Here I would like to single out some editions that are more significant and demanding.<\/p>\n\n\n\n<section class=\"wp-block-uagb-columns uagb-columns__wrap uagb-columns__stack-mobile uagb-columns__valign- uagb-columns__gap-10 align uagb-block-0469c928 uagb-columns__columns-4 uagb-columns__max_width-theme\"><div class=\"uagb-columns__overlay\"><\/div><div class=\"uagb-columns__inner-wrap uagb-columns__columns-4\">\n<div class=\"wp-block-uagb-column uagb-column__wrap uagb-column__background-undefined uagb-block-d37fb274\"><div class=\"uagb-column__overlay\"><\/div><div class=\"wp-block-image\">\n<figure class=\"aligncenter size-large\"><a href=\"https:\/\/semir.eu\/portfolio\/en\/dtp-hol\/\"><img loading=\"lazy\" decoding=\"async\" width=\"125\" height=\"170\" src=\"https:\/\/i0.wp.com\/semir.eu\/portfolio\/wp-content\/uploads\/2021\/03\/hrvatski-opci-leksikon-mala.jpg?resize=125%2C170&#038;ssl=1\" alt=\"\" class=\"wp-image-366\" data-recalc-dims=\"1\"\/><\/a><figcaption class=\"wp-element-caption\">Croatian General Lexicon<\/figcaption><\/figure><\/div><\/div>\n\n\n\n<div class=\"wp-block-uagb-column uagb-column__wrap uagb-column__background-undefined uagb-block-5c4b37ff\"><div class=\"uagb-column__overlay\"><\/div><div class=\"wp-block-image\">\n<figure class=\"aligncenter size-large\"><a href=\"https:\/\/semir.eu\/portfolio\/en\/likovni-leksikon\/\"><img loading=\"lazy\" decoding=\"async\" width=\"125\" height=\"170\" src=\"https:\/\/i0.wp.com\/semir.eu\/portfolio\/wp-content\/uploads\/2021\/03\/ll_korice.jpg?resize=125%2C170&#038;ssl=1\" alt=\"\" class=\"wp-image-363\" data-recalc-dims=\"1\"\/><\/a><figcaption class=\"wp-element-caption\">Art Lexicon<\/figcaption><\/figure><\/div><\/div>\n\n\n\n<div class=\"wp-block-uagb-column uagb-column__wrap uagb-column__background-undefined uagb-block-4796c75a\"><div class=\"uagb-column__overlay\"><\/div><div class=\"wp-block-image\">\n<figure class=\"aligncenter size-large\"><a href=\"https:\/\/semir.eu\/portfolio\/en\/hrvatska-zemlja-i-ljudi\/\"><img loading=\"lazy\" decoding=\"async\" width=\"125\" height=\"170\" src=\"https:\/\/i0.wp.com\/semir.eu\/portfolio\/wp-content\/uploads\/2021\/03\/Hrvatska_zemlja_i_ljudi.jpg?resize=125%2C170&#038;ssl=1\" alt=\"\" class=\"wp-image-365\" data-recalc-dims=\"1\"\/><\/a><figcaption class=\"wp-element-caption\">Croatia land and people<\/figcaption><\/figure><\/div><\/div>\n\n\n\n<div class=\"wp-block-uagb-column uagb-column__wrap uagb-column__background-undefined uagb-block-00936d0f\"><div class=\"uagb-column__overlay\"><\/div><div class=\"wp-block-image\">\n<figure class=\"aligncenter size-large\"><a href=\"https:\/\/semir.eu\/portfolio\/en\/islamski-enciklopedijski-almanah\/\"><img loading=\"lazy\" decoding=\"async\" width=\"125\" height=\"170\" src=\"https:\/\/i0.wp.com\/semir.eu\/portfolio\/wp-content\/uploads\/2021\/03\/enciklopedijski_Almanah_1.jpg?resize=125%2C170&#038;ssl=1\" alt=\"\" class=\"wp-image-364\" data-recalc-dims=\"1\"\/><\/a><figcaption class=\"wp-element-caption\">Islamic encyclopedic almanac<\/figcaption><\/figure><\/div><\/div>\n<\/div><\/section>\n\n\n\n<h3 class=\"wp-block-heading\">Typography<\/h3>\n\n\n\n<p>The job of a graphic editor is to know typography. I&#8217;ve studied computer fonts, how they work, and what their possibilities are. I&#8217;ve created multiple fonts for DTP purposes from standard fonts to symbols fonts. I would like to present two fonts in particular: The pictograms of editions of the Miroslav Krle\u017ea Lexicographic Institute and my handwritten font, which you can download <a href=\"https:\/\/www.fontspace.com\/semir-resimovic-rukopisni-font-f22225\">here<\/a>.<\/p>\n\n\n\n<div class=\"wp-block-columns is-layout-flex wp-container-core-columns-layout-1 wp-block-columns-is-layout-flex\">\n<div class=\"wp-block-column is-layout-flow wp-block-column-is-layout-flow\"><div class=\"wp-block-image\">\n<figure class=\"aligncenter size-large\"><a href=\"https:\/\/semir.eu\/portfolio\/en\/piktogrami-lzmk\/\"><img loading=\"lazy\" decoding=\"async\" width=\"170\" height=\"169\" src=\"https:\/\/i0.wp.com\/semir.eu\/portfolio\/wp-content\/uploads\/2021\/04\/piktogram.jpg?resize=170%2C169&#038;ssl=1\" alt=\"\" class=\"wp-image-668\" srcset=\"https:\/\/i0.wp.com\/semir.eu\/portfolio\/wp-content\/uploads\/2021\/04\/piktogram.jpg?w=170&amp;ssl=1 170w, https:\/\/i0.wp.com\/semir.eu\/portfolio\/wp-content\/uploads\/2021\/04\/piktogram.jpg?resize=150%2C150&amp;ssl=1 150w\" sizes=\"(max-width: 170px) 100vw, 170px\" data-recalc-dims=\"1\" \/><\/a><figcaption class=\"wp-element-caption\">Pictogram<\/figcaption><\/figure><\/div><\/div>\n\n\n\n<div class=\"wp-block-column is-layout-flow wp-block-column-is-layout-flow\"><div class=\"wp-block-image\">\n<figure class=\"aligncenter size-large\"><a href=\"https:\/\/semir.eu\/portfolio\/en\/rukopisni-font\/\"><img loading=\"lazy\" decoding=\"async\" width=\"170\" height=\"170\" src=\"https:\/\/i0.wp.com\/semir.eu\/portfolio\/wp-content\/uploads\/2021\/04\/Semir_Font_naslovna.jpg?resize=170%2C170&#038;ssl=1\" alt=\"\" class=\"wp-image-677\" srcset=\"https:\/\/i0.wp.com\/semir.eu\/portfolio\/wp-content\/uploads\/2021\/04\/Semir_Font_naslovna.jpg?w=170&amp;ssl=1 170w, https:\/\/i0.wp.com\/semir.eu\/portfolio\/wp-content\/uploads\/2021\/04\/Semir_Font_naslovna.jpg?resize=150%2C150&amp;ssl=1 150w\" sizes=\"(max-width: 170px) 100vw, 170px\" data-recalc-dims=\"1\" \/><\/a><figcaption class=\"wp-element-caption\">handwritten font<\/figcaption><\/figure><\/div><\/div>\n<\/div>\n\n\n\n<h2 class=\"wp-block-heading\">WEB<\/h2>\n\n\n\n<p>I have been dealing with WEB design and development more intensively for the last seven years. For some projects, I developed themes for the WordPress platform and for some add-ons (plugins). The development of the theme includes user interface design (UI and UX Design), front-end development (HTML, CSS, JQuery, PHP), and partly backend (SQL, PHP).<\/p>\n\n\n\n<div class=\"wp-block-columns is-layout-flex wp-container-core-columns-layout-2 wp-block-columns-is-layout-flex\">\n<div class=\"wp-block-column is-layout-flow wp-block-column-is-layout-flow\"><div class=\"wp-block-image\">\n<figure class=\"aligncenter size-large is-resized\"><a href=\"https:\/\/semir.eu\/portfolio\/en\/tehnicka-enciklopedija\/\"><img loading=\"lazy\" decoding=\"async\" src=\"https:\/\/i0.wp.com\/semir.eu\/portfolio\/wp-content\/uploads\/2021\/03\/TE_4.png?resize=182%2C369&#038;ssl=1\" alt=\"\" class=\"wp-image-384\" width=\"182\" height=\"369\" srcset=\"https:\/\/i0.wp.com\/semir.eu\/portfolio\/wp-content\/uploads\/2021\/03\/TE_4.png?resize=505%2C1024&amp;ssl=1 505w, https:\/\/i0.wp.com\/semir.eu\/portfolio\/wp-content\/uploads\/2021\/03\/TE_4.png?resize=148%2C300&amp;ssl=1 148w, https:\/\/i0.wp.com\/semir.eu\/portfolio\/wp-content\/uploads\/2021\/03\/TE_4.png?resize=768%2C1556&amp;ssl=1 768w, https:\/\/i0.wp.com\/semir.eu\/portfolio\/wp-content\/uploads\/2021\/03\/TE_4.png?resize=758%2C1536&amp;ssl=1 758w, https:\/\/i0.wp.com\/semir.eu\/portfolio\/wp-content\/uploads\/2021\/03\/TE_4.png?w=870&amp;ssl=1 870w\" sizes=\"(max-width: 182px) 100vw, 182px\" data-recalc-dims=\"1\" \/><\/a><figcaption class=\"wp-element-caption\">Technical Encyclopedia Hi-Fi<\/figcaption><\/figure><\/div><\/div>\n\n\n\n<div class=\"wp-block-column is-layout-flow wp-block-column-is-layout-flow\"><div class=\"wp-block-image\">\n<figure class=\"aligncenter size-large is-resized\"><a href=\"https:\/\/semir.eu\/portfolio\/en\/projekt-mobilna-aplikacija\/\"><img loading=\"lazy\" decoding=\"async\" src=\"https:\/\/i0.wp.com\/semir.eu\/portfolio\/wp-content\/uploads\/2021\/04\/TT_0.png?resize=179%2C369&#038;ssl=1\" alt=\"\" class=\"wp-image-475\" width=\"179\" height=\"369\" data-recalc-dims=\"1\" \/><\/a><figcaption class=\"wp-element-caption\">Mobile app design<\/figcaption><\/figure><\/div><\/div>\n<\/div>\n\n\n\n<h2 class=\"wp-block-heading\">3D<\/h2>\n\n\n\n<p>3D Modeling and animation are one of my hobbies. I use various applications but mostly Autodesk&#8217;s 3D Studio MAX application.<\/p>\n\n\n\n<div class=\"wp-block-columns is-layout-flex wp-container-core-columns-layout-3 wp-block-columns-is-layout-flex\">\n<div class=\"wp-block-column is-layout-flow wp-block-column-is-layout-flow\"><div class=\"wp-block-image is-style-default\">\n<figure class=\"aligncenter size-full is-resized\"><a href=\"https:\/\/semir.eu\/portfolio\/en\/leksikon-rudera-boskovica\/\"><img loading=\"lazy\" decoding=\"async\" src=\"https:\/\/i0.wp.com\/semir.eu\/portfolio\/wp-content\/uploads\/2021\/04\/LRB.jpg?resize=170%2C170&#038;ssl=1\" alt=\"\" class=\"wp-image-600\" width=\"170\" height=\"170\" srcset=\"https:\/\/i0.wp.com\/semir.eu\/portfolio\/wp-content\/uploads\/2021\/04\/LRB.jpg?w=170&amp;ssl=1 170w, https:\/\/i0.wp.com\/semir.eu\/portfolio\/wp-content\/uploads\/2021\/04\/LRB.jpg?resize=150%2C150&amp;ssl=1 150w\" sizes=\"(max-width: 170px) 100vw, 170px\" data-recalc-dims=\"1\" \/><\/a><figcaption class=\"wp-element-caption\">Ru\u0111er Bo\u0161kovi\u0107 Lexicon<\/figcaption><\/figure><\/div><\/div>\n\n\n\n<div class=\"wp-block-column is-layout-flow wp-block-column-is-layout-flow\"><div class=\"wp-block-image\">\n<figure class=\"aligncenter size-full is-resized\"><a href=\"https:\/\/semir.eu\/portfolio\/en\/logotipi-izdanja-lzmk\/\"><img loading=\"lazy\" decoding=\"async\" src=\"https:\/\/i0.wp.com\/semir.eu\/portfolio\/wp-content\/uploads\/2021\/04\/ZNAKOVI.jpg?resize=170%2C170&#038;ssl=1\" alt=\"\" class=\"wp-image-602\" width=\"170\" height=\"170\" srcset=\"https:\/\/i0.wp.com\/semir.eu\/portfolio\/wp-content\/uploads\/2021\/04\/ZNAKOVI.jpg?w=170&amp;ssl=1 170w, https:\/\/i0.wp.com\/semir.eu\/portfolio\/wp-content\/uploads\/2021\/04\/ZNAKOVI.jpg?resize=150%2C150&amp;ssl=1 150w\" sizes=\"(max-width: 170px) 100vw, 170px\" data-recalc-dims=\"1\" \/><\/a><figcaption class=\"wp-element-caption\">Editions Logos<\/figcaption><\/figure><\/div><\/div>\n\n\n\n<div class=\"wp-block-column is-layout-flow wp-block-column-is-layout-flow\"><div class=\"wp-block-image\">\n<figure class=\"aligncenter size-full is-resized\"><a href=\"https:\/\/semir.eu\/portfolio\/en\/ostali-radovi\/\"><img loading=\"lazy\" decoding=\"async\" src=\"https:\/\/i0.wp.com\/semir.eu\/portfolio\/wp-content\/uploads\/2021\/04\/radioactivity.jpg?resize=170%2C170&#038;ssl=1\" alt=\"\" class=\"wp-image-601\" width=\"170\" height=\"170\" srcset=\"https:\/\/i0.wp.com\/semir.eu\/portfolio\/wp-content\/uploads\/2021\/04\/radioactivity.jpg?w=170&amp;ssl=1 170w, https:\/\/i0.wp.com\/semir.eu\/portfolio\/wp-content\/uploads\/2021\/04\/radioactivity.jpg?resize=150%2C150&amp;ssl=1 150w\" sizes=\"(max-width: 170px) 100vw, 170px\" data-recalc-dims=\"1\" \/><\/a><figcaption class=\"wp-element-caption\">Other works<\/figcaption><\/figure><\/div><\/div>\n<\/div>\n","protected":false},"excerpt":{"rendered":"<p>Hello, this is the page where I want to present myself through my works. I gained most of my knowledge by independently researching, reading, trying out new technologies. DTP As a graphic editor, I have worked on many editions of encyclopedias. My main tools were Adobe software package (InDesign, Photoshop and Illustrator), Affiniti package (Photo, [&hellip;]<\/p>\n","protected":false},"author":2,"featured_media":0,"parent":0,"menu_order":0,"comment_status":"closed","ping_status":"open","template":"","meta":{"_uag_custom_page_level_css":"","footnotes":""},"jetpack_sharing_enabled":true,"uagb_featured_image_src":{"full":false,"thumbnail":false,"medium":false,"medium_large":false,"large":false,"ctl_avatar":false,"1536x1536":false,"2048x2048":false},"uagb_author_info":{"display_name":"Semir Resimovi\u0107","author_link":"https:\/\/semir.eu\/portfolio\/en\/author\/semnes\/"},"uagb_comment_info":0,"uagb_excerpt":"Hello, this is the page where I want to present myself through my works. I gained most of my knowledge by independently researching, reading, trying out new technologies. DTP As a graphic editor, I have worked on many editions of encyclopedias. My main tools were Adobe software package (InDesign, Photoshop and Illustrator), Affiniti package (Photo,&hellip;","_links":{"self":[{"href":"https:\/\/semir.eu\/portfolio\/en\/wp-json\/wp\/v2\/pages\/2"}],"collection":[{"href":"https:\/\/semir.eu\/portfolio\/en\/wp-json\/wp\/v2\/pages"}],"about":[{"href":"https:\/\/semir.eu\/portfolio\/en\/wp-json\/wp\/v2\/types\/page"}],"author":[{"embeddable":true,"href":"https:\/\/semir.eu\/portfolio\/en\/wp-json\/wp\/v2\/users\/2"}],"replies":[{"embeddable":true,"href":"https:\/\/semir.eu\/portfolio\/en\/wp-json\/wp\/v2\/comments?post=2"}],"version-history":[{"count":115,"href":"https:\/\/semir.eu\/portfolio\/en\/wp-json\/wp\/v2\/pages\/2\/revisions"}],"predecessor-version":[{"id":735,"href":"https:\/\/semir.eu\/portfolio\/en\/wp-json\/wp\/v2\/pages\/2\/revisions\/735"}],"wp:attachment":[{"href":"https:\/\/semir.eu\/portfolio\/en\/wp-json\/wp\/v2\/media?parent=2"}],"curies":[{"name":"wp","href":"https:\/\/api.w.org\/{rel}","templated":true}]}}