{"id":537,"date":"2021-04-06T13:49:28","date_gmt":"2021-04-06T11:49:28","guid":{"rendered":"https:\/\/semir.eu\/portfolio\/?page_id=537"},"modified":"2021-04-12T00:25:41","modified_gmt":"2021-04-11T22:25:41","slug":"leksikon-rudera-boskovica","status":"publish","type":"page","link":"https:\/\/semir.eu\/portfolio\/en\/leksikon-rudera-boskovica\/","title":{"rendered":"The Lexicon &#8220;Ru\u0111er Bo\u0161kovi\u0107&#8221;"},"content":{"rendered":"\n<p>The project has a fictional mechanical construction on the front page that symbolizes the acronym &#8220;Leksikon Ru\u0111era Bo\u0161kovi\u0107a&#8221; (LRB). One version was a 3D construction.<\/p>\n","protected":false},"excerpt":{"rendered":"<p>The project has a fictional mechanical construction on the front page that symbolizes the acronym &#8220;Leksikon Ru\u0111era Bo\u0161kovi\u0107a&#8221; (LRB). One version was a 3D construction.<\/p>\n","protected":false},"author":2,"featured_media":0,"parent":0,"menu_order":0,"comment_status":"closed","ping_status":"closed","template":"3D_MODELI.php","meta":{"_uag_custom_page_level_css":"","footnotes":""},"jetpack_sharing_enabled":true,"uagb_featured_image_src":{"full":false,"thumbnail":false,"medium":false,"medium_large":false,"large":false,"ctl_avatar":false,"1536x1536":false,"2048x2048":false},"uagb_author_info":{"display_name":"Semir Resimovi\u0107","author_link":"https:\/\/semir.eu\/portfolio\/en\/author\/semnes\/"},"uagb_comment_info":0,"uagb_excerpt":"The project has a fictional mechanical construction on the front page that symbolizes the acronym &#8220;Leksikon Ru\u0111era Bo\u0161kovi\u0107a&#8221; (LRB). One version was a 3D construction.","_links":{"self":[{"href":"https:\/\/semir.eu\/portfolio\/en\/wp-json\/wp\/v2\/pages\/537"}],"collection":[{"href":"https:\/\/semir.eu\/portfolio\/en\/wp-json\/wp\/v2\/pages"}],"about":[{"href":"https:\/\/semir.eu\/portfolio\/en\/wp-json\/wp\/v2\/types\/page"}],"author":[{"embeddable":true,"href":"https:\/\/semir.eu\/portfolio\/en\/wp-json\/wp\/v2\/users\/2"}],"replies":[{"embeddable":true,"href":"https:\/\/semir.eu\/portfolio\/en\/wp-json\/wp\/v2\/comments?post=537"}],"version-history":[{"count":5,"href":"https:\/\/semir.eu\/portfolio\/en\/wp-json\/wp\/v2\/pages\/537\/revisions"}],"predecessor-version":[{"id":619,"href":"https:\/\/semir.eu\/portfolio\/en\/wp-json\/wp\/v2\/pages\/537\/revisions\/619"}],"wp:attachment":[{"href":"https:\/\/semir.eu\/portfolio\/en\/wp-json\/wp\/v2\/media?parent=537"}],"curies":[{"name":"wp","href":"https:\/\/api.w.org\/{rel}","templated":true}]}}