{"id":130,"date":"2021-03-26T10:39:57","date_gmt":"2021-03-26T09:39:57","guid":{"rendered":"https:\/\/semir.eu\/portfolio\/?page_id=130"},"modified":"2021-03-27T22:56:38","modified_gmt":"2021-03-27T21:56:38","slug":"dtp-hol","status":"publish","type":"page","link":"https:\/\/semir.eu\/portfolio\/dtp-hol\/","title":{"rendered":"Hrvatski op\u0107i leksikon"},"content":{"rendered":"\n<p>Priru\u010dnik za naj\u0161iri krug korisnika. Veliki broj informacija iz svih oblasti znanja i op\u0107e kulture.<\/p>\n","protected":false},"excerpt":{"rendered":"<p>Priru\u010dnik za naj\u0161iri krug korisnika. Veliki broj informacija iz svih oblasti znanja i op\u0107e kulture.<\/p>\n","protected":false},"author":2,"featured_media":0,"parent":0,"menu_order":0,"comment_status":"closed","ping_status":"closed","template":"DTP-opci.php","meta":{"_uag_custom_page_level_css":"","footnotes":""},"jetpack_sharing_enabled":true,"uagb_featured_image_src":{"full":false,"thumbnail":false,"medium":false,"medium_large":false,"large":false,"ctl_avatar":false,"1536x1536":false,"2048x2048":false},"uagb_author_info":{"display_name":"Semir Resimovi\u0107","author_link":"https:\/\/semir.eu\/portfolio\/author\/semnes\/"},"uagb_comment_info":0,"uagb_excerpt":"Priru\u010dnik za naj\u0161iri krug korisnika. Veliki broj informacija iz svih oblasti znanja i op\u0107e kulture.","_links":{"self":[{"href":"https:\/\/semir.eu\/portfolio\/wp-json\/wp\/v2\/pages\/130"}],"collection":[{"href":"https:\/\/semir.eu\/portfolio\/wp-json\/wp\/v2\/pages"}],"about":[{"href":"https:\/\/semir.eu\/portfolio\/wp-json\/wp\/v2\/types\/page"}],"author":[{"embeddable":true,"href":"https:\/\/semir.eu\/portfolio\/wp-json\/wp\/v2\/users\/2"}],"replies":[{"embeddable":true,"href":"https:\/\/semir.eu\/portfolio\/wp-json\/wp\/v2\/comments?post=130"}],"version-history":[{"count":13,"href":"https:\/\/semir.eu\/portfolio\/wp-json\/wp\/v2\/pages\/130\/revisions"}],"predecessor-version":[{"id":161,"href":"https:\/\/semir.eu\/portfolio\/wp-json\/wp\/v2\/pages\/130\/revisions\/161"}],"wp:attachment":[{"href":"https:\/\/semir.eu\/portfolio\/wp-json\/wp\/v2\/media?parent=130"}],"curies":[{"name":"wp","href":"https:\/\/api.w.org\/{rel}","templated":true}]}}