{"id":195,"date":"2021-03-28T00:36:44","date_gmt":"2021-03-27T23:36:44","guid":{"rendered":"https:\/\/semir.eu\/portfolio\/?page_id=195"},"modified":"2021-03-28T03:07:45","modified_gmt":"2021-03-28T01:07:45","slug":"likovni-leksikon","status":"publish","type":"page","link":"https:\/\/semir.eu\/portfolio\/likovni-leksikon\/","title":{"rendered":"Likovni leksikon"},"content":{"rendered":"\n<p>Leksikon koji pored slikarstva, kiparstva, arhitekture i primijenjene umjetnosti obuhva\u0107a \u0161ire podru\u010dje kulturne povijesti.<\/p>\n","protected":false},"excerpt":{"rendered":"<p>Leksikon koji pored slikarstva, kiparstva, arhitekture i primijenjene umjetnosti obuhva\u0107a \u0161ire podru\u010dje kulturne povijesti.<\/p>\n","protected":false},"author":2,"featured_media":0,"parent":0,"menu_order":0,"comment_status":"closed","ping_status":"closed","template":"DTP-ll.php","meta":{"_uag_custom_page_level_css":"","footnotes":""},"jetpack_sharing_enabled":true,"uagb_featured_image_src":{"full":false,"thumbnail":false,"medium":false,"medium_large":false,"large":false,"ctl_avatar":false,"1536x1536":false,"2048x2048":false},"uagb_author_info":{"display_name":"Semir Resimovi\u0107","author_link":"https:\/\/semir.eu\/portfolio\/author\/semnes\/"},"uagb_comment_info":0,"uagb_excerpt":"Leksikon koji pored slikarstva, kiparstva, arhitekture i primijenjene umjetnosti obuhva\u0107a \u0161ire podru\u010dje kulturne povijesti.","_links":{"self":[{"href":"https:\/\/semir.eu\/portfolio\/wp-json\/wp\/v2\/pages\/195"}],"collection":[{"href":"https:\/\/semir.eu\/portfolio\/wp-json\/wp\/v2\/pages"}],"about":[{"href":"https:\/\/semir.eu\/portfolio\/wp-json\/wp\/v2\/types\/page"}],"author":[{"embeddable":true,"href":"https:\/\/semir.eu\/portfolio\/wp-json\/wp\/v2\/users\/2"}],"replies":[{"embeddable":true,"href":"https:\/\/semir.eu\/portfolio\/wp-json\/wp\/v2\/comments?post=195"}],"version-history":[{"count":4,"href":"https:\/\/semir.eu\/portfolio\/wp-json\/wp\/v2\/pages\/195\/revisions"}],"predecessor-version":[{"id":202,"href":"https:\/\/semir.eu\/portfolio\/wp-json\/wp\/v2\/pages\/195\/revisions\/202"}],"wp:attachment":[{"href":"https:\/\/semir.eu\/portfolio\/wp-json\/wp\/v2\/media?parent=195"}],"curies":[{"name":"wp","href":"https:\/\/api.w.org\/{rel}","templated":true}]}}