{"id":260,"date":"2021-03-28T16:04:16","date_gmt":"2021-03-28T14:04:16","guid":{"rendered":"https:\/\/semir.eu\/portfolio\/?page_id=260"},"modified":"2021-03-28T17:10:59","modified_gmt":"2021-03-28T15:10:59","slug":"hrvatska-zemlja-i-ljudi","status":"publish","type":"page","link":"https:\/\/semir.eu\/portfolio\/hrvatska-zemlja-i-ljudi\/","title":{"rendered":"Hrvatska zemlja i ljudi"},"content":{"rendered":"\n<p>Hratska se \u017eeli predstaviti sa\u017eetim informacijama o zemljopisu, povijesti, politi\u010dkom ustroju, stanovni\u0161tvu, gospodarstvu, kulturi i dru\u0161tvu te o stoljetnim vezama Hrvatske i drugih europskih zemalja i naroda s kojima je dolazila u dodir.<\/p>\n","protected":false},"excerpt":{"rendered":"<p>Hratska se \u017eeli predstaviti sa\u017eetim informacijama o zemljopisu, povijesti, politi\u010dkom ustroju, stanovni\u0161tvu, gospodarstvu, kulturi i dru\u0161tvu te o stoljetnim vezama Hrvatske i drugih europskih zemalja i naroda s kojima je dolazila u dodir.<\/p>\n","protected":false},"author":2,"featured_media":0,"parent":0,"menu_order":0,"comment_status":"closed","ping_status":"closed","template":"DTP-HZLJ.php","meta":{"_uag_custom_page_level_css":"","footnotes":""},"jetpack_sharing_enabled":true,"uagb_featured_image_src":{"full":false,"thumbnail":false,"medium":false,"medium_large":false,"large":false,"ctl_avatar":false,"1536x1536":false,"2048x2048":false},"uagb_author_info":{"display_name":"Semir Resimovi\u0107","author_link":"https:\/\/semir.eu\/portfolio\/author\/semnes\/"},"uagb_comment_info":0,"uagb_excerpt":"Hratska se \u017eeli predstaviti sa\u017eetim informacijama o zemljopisu, povijesti, politi\u010dkom ustroju, stanovni\u0161tvu, gospodarstvu, kulturi i dru\u0161tvu te o stoljetnim vezama Hrvatske i drugih europskih zemalja i naroda s kojima je dolazila u dodir.","_links":{"self":[{"href":"https:\/\/semir.eu\/portfolio\/wp-json\/wp\/v2\/pages\/260"}],"collection":[{"href":"https:\/\/semir.eu\/portfolio\/wp-json\/wp\/v2\/pages"}],"about":[{"href":"https:\/\/semir.eu\/portfolio\/wp-json\/wp\/v2\/types\/page"}],"author":[{"embeddable":true,"href":"https:\/\/semir.eu\/portfolio\/wp-json\/wp\/v2\/users\/2"}],"replies":[{"embeddable":true,"href":"https:\/\/semir.eu\/portfolio\/wp-json\/wp\/v2\/comments?post=260"}],"version-history":[{"count":6,"href":"https:\/\/semir.eu\/portfolio\/wp-json\/wp\/v2\/pages\/260\/revisions"}],"predecessor-version":[{"id":279,"href":"https:\/\/semir.eu\/portfolio\/wp-json\/wp\/v2\/pages\/260\/revisions\/279"}],"wp:attachment":[{"href":"https:\/\/semir.eu\/portfolio\/wp-json\/wp\/v2\/media?parent=260"}],"curies":[{"name":"wp","href":"https:\/\/api.w.org\/{rel}","templated":true}]}}