{"id":46,"date":"2021-03-14T19:43:53","date_gmt":"2021-03-14T18:43:53","guid":{"rendered":"https:\/\/semir.eu\/portfolio\/?page_id=46"},"modified":"2021-04-10T14:22:55","modified_gmt":"2021-04-10T12:22:55","slug":"zivotopis","status":"publish","type":"page","link":"https:\/\/semir.eu\/portfolio\/zivotopis\/","title":{"rendered":"\u017divotopis"},"content":{"rendered":"<!-- ========= Cool Timeline PRO 3.5 ========= --><div style=\"opacity:0;\" \n    data-showposts=\"10\"\n     class=\"cool_timeline cool-timeline-wrapper both-sided-wrapper white-timeline-wrapper main-default\" \n     id=\"tm-default-default-17\"  \n     data-pagination=\"yes\"  \n     data-pagination-position=\"right\"><div class=\"cool-timeline ultimate-style  white-timeline\"><div  class=\"filter-preloaders\"><img decoding=\"async\" src=\"https:\/\/i0.wp.com\/semir.eu\/portfolio\/wp-content\/plugins\/cool-timeline-pro\/\/assets\/images\/clt-compact-preloader.gif?w=640&#038;ssl=1\" data-recalc-dims=\"1\"><\/div><div data-animations=\"fade\"  id=\"timeline-timeline-stories\" class=\"cooltimeline_cont  clearfix icons_no\"><div data-cls=\"sc-nv-default white-timeline\" class=\"timeline-year scrollable-section default-year\"data-section-title=\"1965\" id=\"year-1965\"><span  class=\"ctl-timeline-date\">1965<\/span><\/div><!-- .timeline-post-start--><div   data-alternate=\"0\" id=\"story-38\" class=\"timeline-post even light-grey-post icons_no post-38  default-meta\"><div   data-aos=\"fade\" class=\"timeline-meta\"><div class=\"meta-details\">14 srpnja<\/div><\/div><div  data-aos=\"fade\" class=\"timeline-icon icon-dot-full default-dot\"><div class=\"timeline-bar\"><\/div><\/div><div  data-aos=\"fade\"  class=\"timeline-content  clearfix even  full default-content \"><h2 class=\"content-title\"><a title=\"Ro\u0111enje\" href=\"https:\/\/semir.eu\/portfolio\/timeline\/rodenje\/\">Ro\u0111enje<\/a><\/h2><div class=\"ctl_info event-description full\"><div class=\"content-details\">Ro\u0111en sam u Bijeljini (BiH).<\/div><\/div><\/div><!-- timeline content --><\/div>\n\n        <!-- .timeline-post-end --><div data-cls=\"sc-nv-default white-timeline\" class=\"timeline-year scrollable-section default-year\"data-section-title=\"1979\" id=\"year-1979\"><span  class=\"ctl-timeline-date\">1979<\/span><\/div><!-- .timeline-post-start--><div   data-alternate=\"1\" id=\"story-66\" class=\"timeline-post odd light-grey-post icons_no post-66 story-cat-2  default-meta\"><div   data-aos=\"fade\" class=\"timeline-meta\"><div class=\"meta-details\">29 lipnja<\/div><\/div><div  data-aos=\"fade\" class=\"timeline-icon icon-dot-full default-dot\"><div class=\"timeline-bar\"><\/div><\/div><div  data-aos=\"fade\"  class=\"timeline-content  clearfix odd  full default-content \"><h2 class=\"content-title\"><a title=\"Osnovna \u0161kola\" href=\"https:\/\/semir.eu\/portfolio\/timeline\/osnovna-skola\/\">Osnovna \u0161kola<\/a><\/h2><div class=\"ctl_info event-description full\"><div class=\"content-details\"><p>1971-1979 poha\u0111ao sam osnovnu \u0161kolu &#8220;Mirko filipovi\u0107&#8221; u Bijeljini.<\/p>\n<\/div><\/div><\/div><!-- timeline content --><\/div>\n\n        <!-- .timeline-post-end --><div data-cls=\"sc-nv-default white-timeline\" class=\"timeline-year scrollable-section default-year\"data-section-title=\"1983\" id=\"year-1983\"><span  class=\"ctl-timeline-date\">1983<\/span><\/div><!-- .timeline-post-start--><div   data-alternate=\"2\" id=\"story-94\" class=\"timeline-post even light-grey-post icons_no post-94 story-cat-2  default-meta\"><div   data-aos=\"fade\" class=\"timeline-meta\"><div class=\"meta-details\">24 lipnja<\/div><\/div><div  data-aos=\"fade\" class=\"timeline-icon icon-dot-full default-dot\"><div class=\"timeline-bar\"><\/div><\/div><div  data-aos=\"fade\"  class=\"timeline-content  clearfix even  full default-content \"><h2 class=\"content-title\"><a title=\"Srednja \u0161kola\" href=\"https:\/\/semir.eu\/portfolio\/timeline\/srednja-skola\/\">Srednja \u0161kola<\/a><\/h2><div class=\"ctl_info event-description full\"><div class=\"content-details\"><p>1979-1983 Poha\u0111ao sam gimnaziju &#8220;Filip Vi\u0161nji\u0107&#8221; u Bijeljini.<\/p>\n<\/div><\/div><\/div><!-- timeline content --><\/div>\n\n        <!-- .timeline-post-end --><div data-cls=\"sc-nv-default white-timeline\" class=\"timeline-year scrollable-section default-year\"data-section-title=\"1984\" id=\"year-1984\"><span  class=\"ctl-timeline-date\">1984<\/span><\/div><!-- .timeline-post-start--><div   data-alternate=\"3\" id=\"story-97\" class=\"timeline-post odd light-grey-post icons_no post-97 story-cat-2  default-meta\"><div   data-aos=\"fade\" class=\"timeline-meta\"><div class=\"meta-details\">28 rujna<\/div><\/div><div  data-aos=\"fade\" class=\"timeline-icon icon-dot-full default-dot\"><div class=\"timeline-bar\"><\/div><\/div><div  data-aos=\"fade\"  class=\"timeline-content  clearfix odd  full default-content \"><h2 class=\"content-title\"><a title=\"Obavezni vonji rok\" href=\"https:\/\/semir.eu\/portfolio\/timeline\/obavezni-vonji-rok\/\">Obavezni vonji rok<\/a><\/h2><div class=\"ctl_info event-description full\"><div class=\"content-details\"><p>1983-1984 bio sam na obaveznom odslu\u017eenju vojnog roka<\/p>\n<\/div><\/div><\/div><!-- timeline content --><\/div>\n\n        <!-- .timeline-post-end --><div data-cls=\"sc-nv-default white-timeline\" class=\"timeline-year scrollable-section default-year\"data-section-title=\"1985\" id=\"year-1985\"><span  class=\"ctl-timeline-date\">1985<\/span><\/div><!-- .timeline-post-start--><div   data-alternate=\"4\" id=\"story-99\" class=\"timeline-post even light-grey-post icons_no post-99 story-cat-2  default-meta\"><div   data-aos=\"fade\" class=\"timeline-meta\"><div class=\"meta-details\">28 lipnja<\/div><\/div><div  data-aos=\"fade\" class=\"timeline-icon icon-dot-full default-dot\"><div class=\"timeline-bar\"><\/div><\/div><div  data-aos=\"fade\"  class=\"timeline-content  clearfix even  full default-content \"><h2 class=\"content-title\"><a title=\"Studij fizike\" href=\"https:\/\/semir.eu\/portfolio\/timeline\/studij-fizike\/\">Studij fizike<\/a><\/h2><div class=\"ctl_info event-description full\"><div class=\"content-details\"><p>1984-1985 studirao sam fiziku na Prirodno matemati\u010dkom fakultetu u Novom Sadu<\/p>\n<\/div><\/div><\/div><!-- timeline content --><\/div>\n\n        <!-- .timeline-post-end --><div data-cls=\"sc-nv-default white-timeline\" class=\"timeline-year scrollable-section default-year\"data-section-title=\"1988\" id=\"year-1988\"><span  class=\"ctl-timeline-date\">1988<\/span><\/div><!-- .timeline-post-start--><div   data-alternate=\"5\" id=\"story-101\" class=\"timeline-post odd light-grey-post icons_no post-101 story-cat-2  default-meta\"><div   data-aos=\"fade\" class=\"timeline-meta\"><div class=\"meta-details\">16 rujna<\/div><\/div><div  data-aos=\"fade\" class=\"timeline-icon icon-dot-full default-dot\"><div class=\"timeline-bar\"><\/div><\/div><div  data-aos=\"fade\"  class=\"timeline-content  clearfix odd  full default-content \"><h2 class=\"content-title\"><a title=\"Vi\u0161a grafi\u010dka \u0161kola\" href=\"https:\/\/semir.eu\/portfolio\/timeline\/visa-graficka-skola\/\">Vi\u0161a grafi\u010dka \u0161kola<\/a><\/h2><div class=\"ctl_info event-description full\"><div class=\"content-details\"><p>1985-1988 studirao sam na Vi\u0161oj grafi\u010dkoj \u0161koli u Zagrebu i stekao zvanje in\u017eenjera grafi\u010dke tehnologije.<\/p>\n<\/div><\/div><\/div><!-- timeline content --><\/div>\n\n        <!-- .timeline-post-end --><!-- .timeline-post-start--><div   data-alternate=\"6\" id=\"story-103\" class=\"timeline-post even light-grey-post icons_no post-103 story-cat-2  default-meta\"><div   data-aos=\"fade\" class=\"timeline-meta\"><div class=\"meta-details\">16 rujna<\/div><\/div><div  data-aos=\"fade\" class=\"timeline-icon icon-dot-full default-dot\"><div class=\"timeline-bar\"><\/div><\/div><div  data-aos=\"fade\"  class=\"timeline-content  clearfix even  full default-content \"><h2 class=\"content-title\"><a title=\"Zaposlenje\" href=\"https:\/\/semir.eu\/portfolio\/timeline\/zaposlenje\/\">Zaposlenje<\/a><\/h2><div class=\"ctl_info event-description full\"><div class=\"content-details\"><p>Od 1988 sam zaposlen u izdava\u010dkoj ku\u0107i Leksikografski zavod &#8220;Miroslav Krle\u017ea&#8221; u Zagrebu. U po\u010detku kao grafi\u010dki urednik zatim voditelj Grafi\u010dkog odsjeka.<\/p>\n<\/div><\/div><\/div><!-- timeline content --><\/div>\n\n        <!-- .timeline-post-end --><div data-cls=\"sc-nv-default white-timeline\" class=\"timeline-year scrollable-section default-year\"data-section-title=\"2017\" id=\"year-2017\"><span  class=\"ctl-timeline-date\">2017<\/span><\/div><!-- .timeline-post-start--><div   data-alternate=\"7\" id=\"story-105\" class=\"timeline-post odd light-grey-post icons_no post-105 story-cat-2  default-meta\"><div   data-aos=\"fade\" class=\"timeline-meta\"><div class=\"meta-details\">15 rujna<\/div><\/div><div  data-aos=\"fade\" class=\"timeline-icon icon-dot-full default-dot\"><div class=\"timeline-bar\"><\/div><\/div><div  data-aos=\"fade\"  class=\"timeline-content  clearfix odd  full default-content \"><h2 class=\"content-title\"><a title=\"Diplomski studij\" href=\"https:\/\/semir.eu\/portfolio\/timeline\/diplomski-studij\/\">Diplomski studij<\/a><\/h2><div class=\"ctl_info event-description full\"><div class=\"content-details\"><p>2015-2017 studirao sam na Grafi\u010dkom fakultetu u Zagrebu i diplomirao sa temom &#8220;<a href=\"https:\/\/eprints.grf.unizg.hr\/2767\/1\/DB639_Resimovi%C4%87_Semir.pdf\" target=\"_blank\" rel=\"noopener\">Metoda prilagodbe enciklopedijskoga sadr\u017eaja internetskom izdanju<\/a>&#8220;<\/p>\n<\/div><\/div><\/div><!-- timeline content --><\/div>\n\n        <!-- .timeline-post-end --><style type=\"text\/css\">\n                    .cool-timeline.white-timeline #story-38 .icon-dot-full,\n                    .cool-timeline.white-timeline #story-38 .timeline-content .content-title, \n                    .cool-timeline.white-timeline.compact .timeline-post.icons_yes#story-38 \n                    .timeline-icon, \n                    .cool-timeline.white-timeline #story-38.timeline-post .timeline-icon\n                    {background:#dd9933;}\n                \n                    .cool-timeline.white-timeline #story-38 .timeline-meta .meta-details,\n                    .cool-timeline.white-timeline #story-38.timeline-content h2.content-title-2 a,\n                    .cool-timeline.white-timeline #story-38.timeline-content h2.content-title-2\n                    {color:#dd9933;}\n                    \n                    .cool-timeline.white-timeline #story-38.even  .timeline-content .content-title:before , .cool-timeline.white-timeline #story-38.even .timeline-content:before\n                    {border-right-color:#dd9933;}\n                    .cool-timeline.white-timeline #story-38.odd  .timeline-content .content-title:before,\n                    .cool-timeline.white-timeline #story-38.odd .timeline-content:before\n                    {border-left-color:#dd9933; }\n\n                   \n                    @media (max-width: 860px) {    \n                        .cool-timeline.white-timeline #story-38.odd .timeline-content .content-title:before, .cool-timeline.white-timeline #story-38.even .timeline-content .content-title:before,\n                        .cool-timeline.white-timeline #story-38.odd .timeline-content:before, .cool-timeline.white-timeline #story-38.even .timeline-content:before\n                         {\n                           border-left-color: transparent;\n                           border-right-color: #dd9933;\n                           }\n                    }  \n                    <\/style><div  class=\"end-timeline clearfix\"><\/div><\/div><\/div><\/div>  <!-- end\n================================================== --><style type=\"text\/css\">\n                    .cool-timeline.white-timeline #story-38 .icon-dot-full,\n                    .cool-timeline.white-timeline #story-38 .timeline-content .content-title, \n                    .cool-timeline.white-timeline.compact .timeline-post.icons_yes#story-38 \n                    .timeline-icon, \n                    .cool-timeline.white-timeline #story-38.timeline-post .timeline-icon\n                    {background:#dd9933;}\n                \n                    .cool-timeline.white-timeline #story-38 .timeline-meta .meta-details,\n                    .cool-timeline.white-timeline #story-38.timeline-content h2.content-title-2 a,\n                    .cool-timeline.white-timeline #story-38.timeline-content h2.content-title-2\n                    {color:#dd9933;}\n                    \n                    .cool-timeline.white-timeline #story-38.even  .timeline-content .content-title:before , .cool-timeline.white-timeline #story-38.even .timeline-content:before\n                    {border-right-color:#dd9933;}\n                    .cool-timeline.white-timeline #story-38.odd  .timeline-content .content-title:before,\n                    .cool-timeline.white-timeline #story-38.odd .timeline-content:before\n                    {border-left-color:#dd9933; }\n\n                   \n                    @media (max-width: 860px) {    \n                        .cool-timeline.white-timeline #story-38.odd .timeline-content .content-title:before, .cool-timeline.white-timeline #story-38.even .timeline-content .content-title:before,\n                        .cool-timeline.white-timeline #story-38.odd .timeline-content:before, .cool-timeline.white-timeline #story-38.even .timeline-content:before\n                         {\n                           border-left-color: transparent;\n                           border-right-color: #dd9933;\n                           }\n                    }  \n                    <\/style>","protected":false},"excerpt":{"rendered":"","protected":false},"author":2,"featured_media":0,"parent":0,"menu_order":0,"comment_status":"closed","ping_status":"closed","template":"","meta":{"_uag_custom_page_level_css":"","footnotes":""},"jetpack_sharing_enabled":true,"uagb_featured_image_src":{"full":false,"thumbnail":false,"medium":false,"medium_large":false,"large":false,"ctl_avatar":false,"1536x1536":false,"2048x2048":false},"uagb_author_info":{"display_name":"Semir Resimovi\u0107","author_link":"https:\/\/semir.eu\/portfolio\/author\/semnes\/"},"uagb_comment_info":0,"uagb_excerpt":null,"_links":{"self":[{"href":"https:\/\/semir.eu\/portfolio\/wp-json\/wp\/v2\/pages\/46"}],"collection":[{"href":"https:\/\/semir.eu\/portfolio\/wp-json\/wp\/v2\/pages"}],"about":[{"href":"https:\/\/semir.eu\/portfolio\/wp-json\/wp\/v2\/types\/page"}],"author":[{"embeddable":true,"href":"https:\/\/semir.eu\/portfolio\/wp-json\/wp\/v2\/users\/2"}],"replies":[{"embeddable":true,"href":"https:\/\/semir.eu\/portfolio\/wp-json\/wp\/v2\/comments?post=46"}],"version-history":[{"count":17,"href":"https:\/\/semir.eu\/portfolio\/wp-json\/wp\/v2\/pages\/46\/revisions"}],"predecessor-version":[{"id":92,"href":"https:\/\/semir.eu\/portfolio\/wp-json\/wp\/v2\/pages\/46\/revisions\/92"}],"wp:attachment":[{"href":"https:\/\/semir.eu\/portfolio\/wp-json\/wp\/v2\/media?parent=46"}],"curies":[{"name":"wp","href":"https:\/\/api.w.org\/{rel}","templated":true}]}}