{"id":556,"date":"2021-04-07T12:58:16","date_gmt":"2021-04-07T10:58:16","guid":{"rendered":"https:\/\/semir.eu\/portfolio\/?page_id=556"},"modified":"2021-04-10T17:32:41","modified_gmt":"2021-04-10T15:32:41","slug":"logotipi-izdanja-lzmk","status":"publish","type":"page","link":"https:\/\/semir.eu\/portfolio\/logotipi-izdanja-lzmk\/","title":{"rendered":"Logotipi izdanja"},"content":{"rendered":"\n<p>Mnoga izdanja Leksikografskog zavoda Miroslav Krle\u017ea za logotip imaju stiliziranje akronimske logotipe. Na primjer, Hrvatska enciklopedija (HE), Osmojezi\u010dni enciklopedijski rje\u010dnik (OER), Hrvatski biografski leksikon (HBL) itd. Kad bi se radio spomenik znanosti i kulturi mogao bi ovako izgledati.<\/p>\n\n\n\n<div class=\"wp-block-image\"><figure class=\"aligncenter size-large\"><img loading=\"lazy\" decoding=\"async\" width=\"640\" height=\"360\" src=\"https:\/\/i0.wp.com\/semir.eu\/portfolio\/wp-content\/uploads\/2021\/04\/EDICIJE.jpg?resize=640%2C360&#038;ssl=1\" alt=\"\" class=\"wp-image-526\" srcset=\"https:\/\/i0.wp.com\/semir.eu\/portfolio\/wp-content\/uploads\/2021\/04\/EDICIJE.jpg?resize=1024%2C576&amp;ssl=1 1024w, https:\/\/i0.wp.com\/semir.eu\/portfolio\/wp-content\/uploads\/2021\/04\/EDICIJE.jpg?resize=300%2C169&amp;ssl=1 300w, https:\/\/i0.wp.com\/semir.eu\/portfolio\/wp-content\/uploads\/2021\/04\/EDICIJE.jpg?resize=768%2C432&amp;ssl=1 768w, https:\/\/i0.wp.com\/semir.eu\/portfolio\/wp-content\/uploads\/2021\/04\/EDICIJE.jpg?resize=1536%2C864&amp;ssl=1 1536w, https:\/\/i0.wp.com\/semir.eu\/portfolio\/wp-content\/uploads\/2021\/04\/EDICIJE.jpg?w=1920&amp;ssl=1 1920w, https:\/\/i0.wp.com\/semir.eu\/portfolio\/wp-content\/uploads\/2021\/04\/EDICIJE.jpg?w=1280&amp;ssl=1 1280w\" sizes=\"(max-width: 640px) 100vw, 640px\" data-recalc-dims=\"1\" \/><\/figure><\/div>\n","protected":false},"excerpt":{"rendered":"<p>Mnoga izdanja Leksikografskog zavoda Miroslav Krle\u017ea za logotip imaju stiliziranje akronimske logotipe. Na primjer, Hrvatska enciklopedija (HE), Osmojezi\u010dni enciklopedijski rje\u010dnik (OER), Hrvatski biografski leksikon (HBL) itd. Kad bi se radio spomenik znanosti i kulturi mogao bi ovako izgledati.<\/p>\n","protected":false},"author":2,"featured_media":0,"parent":0,"menu_order":0,"comment_status":"closed","ping_status":"closed","template":"","meta":{"_uag_custom_page_level_css":"","footnotes":""},"jetpack_sharing_enabled":true,"uagb_featured_image_src":{"full":false,"thumbnail":false,"medium":false,"medium_large":false,"large":false,"ctl_avatar":false,"1536x1536":false,"2048x2048":false},"uagb_author_info":{"display_name":"Semir Resimovi\u0107","author_link":"https:\/\/semir.eu\/portfolio\/author\/semnes\/"},"uagb_comment_info":0,"uagb_excerpt":"Mnoga izdanja Leksikografskog zavoda Miroslav Krle\u017ea za logotip imaju stiliziranje akronimske logotipe. Na primjer, Hrvatska enciklopedija (HE), Osmojezi\u010dni enciklopedijski rje\u010dnik (OER), Hrvatski biografski leksikon (HBL) itd. Kad bi se radio spomenik znanosti i kulturi mogao bi ovako izgledati.","_links":{"self":[{"href":"https:\/\/semir.eu\/portfolio\/wp-json\/wp\/v2\/pages\/556"}],"collection":[{"href":"https:\/\/semir.eu\/portfolio\/wp-json\/wp\/v2\/pages"}],"about":[{"href":"https:\/\/semir.eu\/portfolio\/wp-json\/wp\/v2\/types\/page"}],"author":[{"embeddable":true,"href":"https:\/\/semir.eu\/portfolio\/wp-json\/wp\/v2\/users\/2"}],"replies":[{"embeddable":true,"href":"https:\/\/semir.eu\/portfolio\/wp-json\/wp\/v2\/comments?post=556"}],"version-history":[{"count":4,"href":"https:\/\/semir.eu\/portfolio\/wp-json\/wp\/v2\/pages\/556\/revisions"}],"predecessor-version":[{"id":581,"href":"https:\/\/semir.eu\/portfolio\/wp-json\/wp\/v2\/pages\/556\/revisions\/581"}],"wp:attachment":[{"href":"https:\/\/semir.eu\/portfolio\/wp-json\/wp\/v2\/media?parent=556"}],"curies":[{"name":"wp","href":"https:\/\/api.w.org\/{rel}","templated":true}]}}